{"id":977,"date":"2024-12-10T15:02:06","date_gmt":"2024-12-10T14:02:06","guid":{"rendered":"https:\/\/www.tauriska.at\/shop\/?post_type=product&#038;p=977"},"modified":"2025-07-15T19:26:08","modified_gmt":"2025-07-15T17:26:08","slug":"klein-sein-oder-nicht-sein","status":"publish","type":"product","link":"https:\/\/www.tauriska.at\/shop\/produkt\/klein-sein-oder-nicht-sein\/","title":{"rendered":"Klein sein oder nicht sein"},"content":{"rendered":"<p><em>F\u00fcr eine Kultur der Selbstbeschr\u00e4nkung mit Beitr\u00e4gen von Leopold Kohr, Erwin Chargaff, Peter Cornelius Mayer-Tasch und Robert Jungk<br \/>\nHG G\u00fcnther Witzany<br \/>\n<\/em><\/p>\n<p><em>Softcover 21,5 x 15,2 cm, Fadenheftung, 100 Seiten<\/em><br \/>\n<strong><em>978-3-901257-69-8<\/em><\/strong><\/p>\n<p>&nbsp;<\/p>\n<p>&nbsp;<\/p>\n","protected":false},"excerpt":{"rendered":"<p><strong>\u00a0<\/strong><em>Das Buch dokumentiert das Symposium \u201eKlein sein oder nicht sein. F\u00fcr eine Kultur der Selbstbeschr\u00e4nkung\u201c, das 1991 im Tauriska-Kammerlanderstall in Neukirchen am Gro\u00dfvenediger\/Salzburg stattfand. Die versammelten Vortr\u00e4ge von renommierten Denkern wie Leopold Kohr, Erwin Chargaff, Peter Cornelius Mayer-Tasch und Robert Jungk behandeln \u00f6kologische und politische Krisen, die bis heute an Dringlichkeit zugenommen haben. Ihre L\u00f6sungsans\u00e4tze und kritischen Perspektiven auf Ma\u00dflosigkeit und Gr\u00f6\u00dfenwahn sind aktueller denn je. Dieses Werk bietet wertvolle Anregungen f\u00fcr den Umgang mit den Herausforderungen unserer Zeit.<\/em><\/p>\n","protected":false},"featured_media":973,"comment_status":"open","ping_status":"closed","template":"","meta":[],"product_brand":[],"product_cat":[40],"product_tag":[],"class_list":{"0":"post-977","1":"product","2":"type-product","3":"status-publish","4":"has-post-thumbnail","6":"product_cat-buch","8":"first","9":"instock","10":"taxable","11":"shipping-taxable","12":"purchasable","13":"product-type-simple"},"_links":{"self":[{"href":"https:\/\/www.tauriska.at\/shop\/wp-json\/wp\/v2\/product\/977","targetHints":{"allow":["GET"]}}],"collection":[{"href":"https:\/\/www.tauriska.at\/shop\/wp-json\/wp\/v2\/product"}],"about":[{"href":"https:\/\/www.tauriska.at\/shop\/wp-json\/wp\/v2\/types\/product"}],"replies":[{"embeddable":true,"href":"https:\/\/www.tauriska.at\/shop\/wp-json\/wp\/v2\/comments?post=977"}],"wp:featuredmedia":[{"embeddable":true,"href":"https:\/\/www.tauriska.at\/shop\/wp-json\/wp\/v2\/media\/973"}],"wp:attachment":[{"href":"https:\/\/www.tauriska.at\/shop\/wp-json\/wp\/v2\/media?parent=977"}],"wp:term":[{"taxonomy":"product_brand","embeddable":true,"href":"https:\/\/www.tauriska.at\/shop\/wp-json\/wp\/v2\/product_brand?post=977"},{"taxonomy":"product_cat","embeddable":true,"href":"https:\/\/www.tauriska.at\/shop\/wp-json\/wp\/v2\/product_cat?post=977"},{"taxonomy":"product_tag","embeddable":true,"href":"https:\/\/www.tauriska.at\/shop\/wp-json\/wp\/v2\/product_tag?post=977"}],"curies":[{"name":"wp","href":"https:\/\/api.w.org\/{rel}","templated":true}]}}