{"id":805,"date":"2023-02-12T17:29:50","date_gmt":"2023-02-12T16:29:50","guid":{"rendered":"https:\/\/www.tauriska.at\/shop\/?post_type=product&#038;p=805"},"modified":"2023-09-24T06:17:51","modified_gmt":"2023-09-24T04:17:51","slug":"tschapo-als-bramberg-noch-chicago-war","status":"publish","type":"product","link":"https:\/\/www.tauriska.at\/shop\/produkt\/tschapo-als-bramberg-noch-chicago-war\/","title":{"rendered":"Tschapo \u2013 Als Bramberg noch Chicago war"},"content":{"rendered":"<p>von Charly Rabanser, illustriert von Rupert Henning<br \/>\nHartcover 20,5 x 14 cm, 224 Seiten, 71 Abb.; Fadenheftung<br \/>\nISBN 978-3-901257-66-7<\/p>\n","protected":false},"excerpt":{"rendered":"<p>Welch eine beeindruckende, beklemmende und zugleich aufr\u00fcttelnde, nachdenklich machende Lebensgeschichte! Charly Rabanser hat sie nach den offenherzig-ungeschminkten Erz\u00e4hlungen von \u201eTschapo\u201c, einem w\u00e4hrend seiner ersten Lebensh\u00e4lfte in kriminelle Milieus abdriftenden Unterschichtbuben (Jahrgang 1954) aus M\u00fchlbach i. P.\/Bramberg, in eine literarische Fassung gebracht, die es \u2013 aus vielen Gr\u00fcnden \u2013 in sich hat. Rabanser l\u00e4sst also den Walter alias Schwabenhauser, den \u201eTschapo\u201c, erz\u00e4hlen und tut so, als ob er sich gar nicht einmischen w\u00fcrde, aber er hat einen darstellerischen Plan, wie sich zeigen wird. <em>Karl M\u00fcller<\/em><\/p>\n","protected":false},"featured_media":796,"comment_status":"open","ping_status":"closed","template":"","meta":[],"product_brand":[],"product_cat":[40],"product_tag":[100,188,112,187,55],"class_list":{"0":"post-805","1":"product","2":"type-product","3":"status-publish","4":"has-post-thumbnail","6":"product_cat-buch","7":"product_tag-bramberg","8":"product_tag-lebensgeschichte","9":"product_tag-pinzgau","10":"product_tag-polizei","11":"product_tag-salzburg","13":"first","14":"instock","15":"taxable","16":"shipping-taxable","17":"purchasable","18":"product-type-simple"},"_links":{"self":[{"href":"https:\/\/www.tauriska.at\/shop\/wp-json\/wp\/v2\/product\/805","targetHints":{"allow":["GET"]}}],"collection":[{"href":"https:\/\/www.tauriska.at\/shop\/wp-json\/wp\/v2\/product"}],"about":[{"href":"https:\/\/www.tauriska.at\/shop\/wp-json\/wp\/v2\/types\/product"}],"replies":[{"embeddable":true,"href":"https:\/\/www.tauriska.at\/shop\/wp-json\/wp\/v2\/comments?post=805"}],"wp:featuredmedia":[{"embeddable":true,"href":"https:\/\/www.tauriska.at\/shop\/wp-json\/wp\/v2\/media\/796"}],"wp:attachment":[{"href":"https:\/\/www.tauriska.at\/shop\/wp-json\/wp\/v2\/media?parent=805"}],"wp:term":[{"taxonomy":"product_brand","embeddable":true,"href":"https:\/\/www.tauriska.at\/shop\/wp-json\/wp\/v2\/product_brand?post=805"},{"taxonomy":"product_cat","embeddable":true,"href":"https:\/\/www.tauriska.at\/shop\/wp-json\/wp\/v2\/product_cat?post=805"},{"taxonomy":"product_tag","embeddable":true,"href":"https:\/\/www.tauriska.at\/shop\/wp-json\/wp\/v2\/product_tag?post=805"}],"curies":[{"name":"wp","href":"https:\/\/api.w.org\/{rel}","templated":true}]}}