{"id":804,"date":"2023-02-12T17:25:53","date_gmt":"2023-02-12T16:25:53","guid":{"rendered":"https:\/\/www.tauriska.at\/shop\/?post_type=product&#038;p=804"},"modified":"2025-10-02T16:44:18","modified_gmt":"2025-10-02T14:44:18","slug":"die-welt-kommt-ins-dorf-und-das-dorf-kommt-in-die-welt","status":"publish","type":"product","link":"https:\/\/www.tauriska.at\/shop\/produkt\/die-welt-kommt-ins-dorf-und-das-dorf-kommt-in-die-welt\/","title":{"rendered":"Die Welt kommt ins Dorf \u2013 und das Dorf kommt in die Welt"},"content":{"rendered":"<p>Leben im Unteren Saalachtal im Salzburger Pinzgau von 1970-2020<br \/>\nvon Christine Schwein\u00f6ster<br \/>\nHartcover 29,7 x 21 cm, 212 Seiten, 570 Abb., Fadenheftung<br \/>\n978-3-901257-65-0<\/p>\n","protected":false},"excerpt":{"rendered":"<p>Die Journalistin und Autorin hat mit dem Verein TAURISKA ein sehr spannendes Projekt entwickelt: 100 Jahre bewegtes Leben im Salzburger Saalachtal (von Unken bis Wei\u00dfbach im Salzburger Pinzgau) \u2013 mit einem Buch und drei Wanderausstellungen (mit gro\u00dfen Tafeln) quer durchs Land. Es ging hier vor allem um den m\u00fchsamen Weg der Emanzipierung von Frauen am Land in der Zeit von 1860 bis 1970. Teil 3 der \u201eStarken Frauen\u201c kn\u00fcpft nun im ersten Abschnitt ihres neuen Buches daran an. \u201eDie Welt kommt ins Dorf\u201c, so der Titel, behandelt die Zeit von 1970 bis 2020 (also die letzten 50 Jahre) in diesem Landstrich. Wo \u00fcberall konnten die Frauen in bislang m\u00e4nnlichen Dom\u00e4nen und Berufen Fu\u00df fassen, wird hinterfragt, und man erf\u00e4hrt: Es hat sich eine Menge getan! B\u00e4uerinnen erz\u00e4hlen, wie sie in den 80ern zu mutigen Autorinnen in der \u00d6ffentlichkeit wurden; sie begab sich auch auf die Spuren Abgewanderter sowie Frauen, die im Tal andere Wege einschlagen und mit neuen Ideen frischen Wind (manchmal auch Irritation) in den Landstrich bringen. Alles ist hier in Bewegung. Das skizziert auch der zweite Teil des Buches &#8211; mit Umbr\u00fcchen, Traditionen, Generation- Gaps\u2026 Die Entgrenzung der Zeit durch die Digitalisierung; das Leben im \u201eGlobal Village\u201c; die Einfl\u00fcsse der Politik; die Jahrzehnte im geschichtlichen Zeitraffer \u2013 all das lie\u00df sie einflie\u00dfen. Die 200 Seiten werden mit vielen Bildern verkn\u00fcpft, die ihr 2019 verstorbener Mann und Pressefotograf Walter Schwein\u00f6ster und sie Innergebirg machen durften. Mit diesem und dem vorherigen Werk ist die komplette Zeit, seit es im Tal die Fotografie gibt &#8211; bis heute zusammengefasst; ebenso der enorme weibliche Feminisierungsschub; das Leben der Handwerkerinnen und Handwerker, die neue Formensprachen entwickeln; Menschen, die die Kommune bereichern, aufr\u00fctteln, aber auch immer aufs Neue hinterfragen\u2026 Alles zusammen ergibt dies ein vielf\u00e4ltiges Spektrum der Region.<\/p>\n","protected":false},"featured_media":795,"comment_status":"open","ping_status":"closed","template":"","meta":[],"product_brand":[],"product_cat":[40],"product_tag":[184,90,112,185,55,186,134],"class_list":{"0":"post-804","1":"product","2":"type-product","3":"status-publish","4":"has-post-thumbnail","6":"product_cat-buch","7":"product_tag-frauen","8":"product_tag-geschichte","9":"product_tag-pinzgau","10":"product_tag-saalachtal","11":"product_tag-salzburg","12":"product_tag-schweinoester","13":"product_tag-tauriska","15":"first","16":"instock","17":"taxable","18":"shipping-taxable","19":"purchasable","20":"product-type-simple"},"_links":{"self":[{"href":"https:\/\/www.tauriska.at\/shop\/wp-json\/wp\/v2\/product\/804","targetHints":{"allow":["GET"]}}],"collection":[{"href":"https:\/\/www.tauriska.at\/shop\/wp-json\/wp\/v2\/product"}],"about":[{"href":"https:\/\/www.tauriska.at\/shop\/wp-json\/wp\/v2\/types\/product"}],"replies":[{"embeddable":true,"href":"https:\/\/www.tauriska.at\/shop\/wp-json\/wp\/v2\/comments?post=804"}],"wp:featuredmedia":[{"embeddable":true,"href":"https:\/\/www.tauriska.at\/shop\/wp-json\/wp\/v2\/media\/795"}],"wp:attachment":[{"href":"https:\/\/www.tauriska.at\/shop\/wp-json\/wp\/v2\/media?parent=804"}],"wp:term":[{"taxonomy":"product_brand","embeddable":true,"href":"https:\/\/www.tauriska.at\/shop\/wp-json\/wp\/v2\/product_brand?post=804"},{"taxonomy":"product_cat","embeddable":true,"href":"https:\/\/www.tauriska.at\/shop\/wp-json\/wp\/v2\/product_cat?post=804"},{"taxonomy":"product_tag","embeddable":true,"href":"https:\/\/www.tauriska.at\/shop\/wp-json\/wp\/v2\/product_tag?post=804"}],"curies":[{"name":"wp","href":"https:\/\/api.w.org\/{rel}","templated":true}]}}