{"id":752,"date":"2022-04-21T12:30:27","date_gmt":"2022-04-21T10:30:27","guid":{"rendered":"https:\/\/www.tauriska.at\/shop\/?post_type=product&#038;p=752"},"modified":"2022-04-26T17:08:40","modified_gmt":"2022-04-26T15:08:40","slug":"leopold-kohr-verstehen","status":"publish","type":"product","link":"https:\/\/www.tauriska.at\/shop\/produkt\/leopold-kohr-verstehen\/","title":{"rendered":"Leopold Kohr verstehen"},"content":{"rendered":"<p>Eine Gesellschaft ohne menschliches Ma\u00df ist unmenschlich<br \/>\nvon G\u00fcnther Witzany<br \/>\nSoftcover, H 22 cm \/ B 15,5 cm \/ Seiten 224 \/ ISBN-13978-3-901257-64-3<\/p>\n","protected":false},"excerpt":{"rendered":"<p>Leopold Kohr Verstehen versammelt Vortr\u00e4ge, Beitr\u00e4ge und Konzepte aus den letzten drei Jahrzehnten zur Philosophie Leopold Kohrs, die im Auftrag Alfred Winters und der Leopold Kohr Akademie verfasst wurden. Sie beleuchten jeweils aktuelle Probleme einer ma\u00dflos gewordenen Welt und versuchen L\u00f6sungen aufzuzeigen, die durch das Denken Leopold Kohrs und seine R\u00fcckbesinnung auf das menschliche Ma\u00df immer wieder neu er\u00f6ffnet werden.<\/p>\n<p>G\u00fcnther Witzany studierte Philosophie, Politikwissenschaft und Moraltheologie in Salzburg und M\u00fcnchen. 1985 Gr\u00fcndung der ersten Philosophischen Praxis in \u00d6sterreich. Autor und Herausgeber zahlreicher B\u00fccher. Entwickelte seit 1986 eine eigenst\u00e4ndige Theorie der Biokommunikation, die als wichtigstes Merkmal von Lebewesen ihre F\u00e4higkeit zu Kommunizieren nachweisen kann. Dadurch l\u00e4\u00dft sich ein ma\u00dfvolles Verh\u00e4ltnis des Menschen zur belebten Natur gewinnen. www.biocommunication.at<\/p>\n","protected":false},"featured_media":753,"comment_status":"open","ping_status":"closed","template":"","meta":[],"product_brand":[],"product_cat":[40],"product_tag":[141,85,183,112,55,134],"class_list":{"0":"post-752","1":"product","2":"type-product","3":"status-publish","4":"has-post-thumbnail","6":"product_cat-buch","7":"product_tag-guenther-witzany","8":"product_tag-leopold-kohr","9":"product_tag-neukirchen-am-grv","10":"product_tag-pinzgau","11":"product_tag-salzburg","12":"product_tag-tauriska","14":"first","15":"instock","16":"taxable","17":"shipping-taxable","18":"purchasable","19":"product-type-simple"},"_links":{"self":[{"href":"https:\/\/www.tauriska.at\/shop\/wp-json\/wp\/v2\/product\/752","targetHints":{"allow":["GET"]}}],"collection":[{"href":"https:\/\/www.tauriska.at\/shop\/wp-json\/wp\/v2\/product"}],"about":[{"href":"https:\/\/www.tauriska.at\/shop\/wp-json\/wp\/v2\/types\/product"}],"replies":[{"embeddable":true,"href":"https:\/\/www.tauriska.at\/shop\/wp-json\/wp\/v2\/comments?post=752"}],"wp:featuredmedia":[{"embeddable":true,"href":"https:\/\/www.tauriska.at\/shop\/wp-json\/wp\/v2\/media\/753"}],"wp:attachment":[{"href":"https:\/\/www.tauriska.at\/shop\/wp-json\/wp\/v2\/media?parent=752"}],"wp:term":[{"taxonomy":"product_brand","embeddable":true,"href":"https:\/\/www.tauriska.at\/shop\/wp-json\/wp\/v2\/product_brand?post=752"},{"taxonomy":"product_cat","embeddable":true,"href":"https:\/\/www.tauriska.at\/shop\/wp-json\/wp\/v2\/product_cat?post=752"},{"taxonomy":"product_tag","embeddable":true,"href":"https:\/\/www.tauriska.at\/shop\/wp-json\/wp\/v2\/product_tag?post=752"}],"curies":[{"name":"wp","href":"https:\/\/api.w.org\/{rel}","templated":true}]}}