{"id":67,"date":"2018-05-07T14:26:47","date_gmt":"2018-05-07T12:26:47","guid":{"rendered":"https:\/\/www.tauriska.at\/shop\/?post_type=product&#038;p=67"},"modified":"2022-02-11T06:09:06","modified_gmt":"2022-02-11T05:09:06","slug":"leopold-kohr-small-is-beautiful-rueckkehr-zum-menschlichen-mass-dvd-deutsch","status":"publish","type":"product","link":"https:\/\/www.tauriska.at\/shop\/produkt\/leopold-kohr-small-is-beautiful-rueckkehr-zum-menschlichen-mass-dvd-deutsch\/","title":{"rendered":"Leopold Kohr &#8211; Small is beautiful R\u00fcckkehr zum menschlichen Ma\u00df &#8211; DVD deutsch"},"content":{"rendered":"<p>Projekt: TV-Dokumentation, Dauer: 45 min<br \/>\nProduktion: RANfilm 2010\/2011<br \/>\nBuch: Fritz Aigner, Eduard Gugenberger, Fritz Kalteis<br \/>\nRegie: Alfred Ninaus<\/p>\n","protected":false},"excerpt":{"rendered":"<p>Die Ans\u00e4tze des Philosophen Leopold Kohr (1909-1994) sind heute leider aktueller und zeitgem\u00e4\u00dfer denn je. Findet der Mensch nach Jahren des Gigantismus wie-der zur\u00fcck zum menschlichen Ma\u00df? Kohr war Vordenker des \u201eSmall is beautiful\u201c, Vater der Anti-Globalisierungsbewegung, Revolution\u00e4r und Prediger einer neuen, \u00fcberschaubaren Welt. Kohrs Ideen wurden weltweit umgesetzt, der Film zeigt, wie sie in vielen L\u00e4ndern ihre Spuren hinterlie\u00dfen \u2013 und in Gestalt des Kulturver-eins TAURISKA und der Leopold Kohr Akademie wieder nach Salzburg zur\u00fcck-kehrten. Anhand von Beispielen wird Kohrs (Nach-)Wirken sichtbar: die regional(istisch)e Bewegung in Wales, kulturelle Initiativen in Salzburg, Verkehrskonzepte in Amerika, das ober\u00f6sterreichische Steinbach (ein Vorzeigedorf in Sachen \u201eNachhaltigkeit\u201c), der Bioladen um die Ecke \u2026<\/p>\n<p>Den Filmrahmen bildet das abenteuerliche Leben Leopold Kohrs. Er war Journalist und Wirtschaftswissenschaftler, Widerst\u00e4ndler gegen den Faschismus und einer der \u201eV\u00e4ter\u201c der regionalistischen Str\u00f6mungen Europas. Und er war Konzeptersteller der (kurzzeitigen) Unabh\u00e4ngigkeit der karibischen Insel Anguilla, die in den 1960er Jahren ein erfolgreiches Modell f\u00fcr einen funktionierenden Kleinstaat war. Was Regisseur Alfred Ninaus am meisten bei Kohr beeindruckte war die \u201eeinfache, bescheidene Art dieses hochgebildeten Menschen\u201c.<\/p>\n","protected":false},"featured_media":721,"comment_status":"open","ping_status":"closed","template":"","meta":[],"product_brand":[],"product_cat":[15],"product_tag":[87,85,86,55],"class_list":{"0":"post-67","1":"product","2":"type-product","3":"status-publish","4":"has-post-thumbnail","6":"product_cat-dvdcd","7":"product_tag-biographie","8":"product_tag-leopold-kohr","9":"product_tag-oberndorf","10":"product_tag-salzburg","12":"first","13":"instock","14":"taxable","15":"shipping-taxable","16":"purchasable","17":"product-type-simple"},"_links":{"self":[{"href":"https:\/\/www.tauriska.at\/shop\/wp-json\/wp\/v2\/product\/67","targetHints":{"allow":["GET"]}}],"collection":[{"href":"https:\/\/www.tauriska.at\/shop\/wp-json\/wp\/v2\/product"}],"about":[{"href":"https:\/\/www.tauriska.at\/shop\/wp-json\/wp\/v2\/types\/product"}],"replies":[{"embeddable":true,"href":"https:\/\/www.tauriska.at\/shop\/wp-json\/wp\/v2\/comments?post=67"}],"wp:featuredmedia":[{"embeddable":true,"href":"https:\/\/www.tauriska.at\/shop\/wp-json\/wp\/v2\/media\/721"}],"wp:attachment":[{"href":"https:\/\/www.tauriska.at\/shop\/wp-json\/wp\/v2\/media?parent=67"}],"wp:term":[{"taxonomy":"product_brand","embeddable":true,"href":"https:\/\/www.tauriska.at\/shop\/wp-json\/wp\/v2\/product_brand?post=67"},{"taxonomy":"product_cat","embeddable":true,"href":"https:\/\/www.tauriska.at\/shop\/wp-json\/wp\/v2\/product_cat?post=67"},{"taxonomy":"product_tag","embeddable":true,"href":"https:\/\/www.tauriska.at\/shop\/wp-json\/wp\/v2\/product_tag?post=67"}],"curies":[{"name":"wp","href":"https:\/\/api.w.org\/{rel}","templated":true}]}}