{"id":66,"date":"2018-05-07T14:24:23","date_gmt":"2018-05-07T12:24:23","guid":{"rendered":"https:\/\/www.tauriska.at\/shop\/?post_type=product&#038;p=66"},"modified":"2022-02-11T06:09:38","modified_gmt":"2022-02-11T05:09:38","slug":"das-elend-der-grossen-die-macht-der-kleinen-dvd","status":"publish","type":"product","link":"https:\/\/www.tauriska.at\/shop\/produkt\/das-elend-der-grossen-die-macht-der-kleinen-dvd\/","title":{"rendered":"Das Elend der Gro\u00dfen Die Macht der Kleinen DVD"},"content":{"rendered":"<p>Ein ORF-Film von Hans Kutil mit seinem Team, Franz Reichl (Kamera),<br \/>\nZvezdan Waszner (Ton) und Claudia Nessizius (Schnitt).<br \/>\nDauer: 27:07 min \/ Deutsch und Englisch mit Untertiteln<\/p>\n","protected":false},"excerpt":{"rendered":"<p>Leopold Kohrs Ideen f\u00fcr eine bessere Welt<br \/>\nEin \u00d6sterreich Bild am Sonntag, untersuchte, ob seine Thesen auch ein Weg<br \/>\naus der gegenw\u00e4rtigen Krise w\u00e4ren.<\/p>\n<p>Gegen das zu Gro\u00dfe<br \/>\n&#8222;Alles was zu gro\u00df wird, vernichtet die Natur&#8220; \u2013 diese Erkenntnis hat Leopold Kohr auf die Staats- und Wirtschaftssysteme \u00fcbertragen. Die aktuellen Entwicklungen geben ihm Recht: Weltreiche sind zerfallen, Ideologien auf dem Scherbenhaufen der Geschichte gelandet. &#8222;Nicht die Unterentwickelten sind das Problem, sondern die \u00dcberentwickelten, die am Rand des Abgrunds stehen, es aber noch nicht wahrhaben.&#8220;<\/p>\n<p>\u00dcberschaubares besser l\u00f6sbar<br \/>\nKohr setzt dem sein Modell kleinerer Einheiten entgegen. Dort sei alles \u00fcberschaubar und damit seien alle Probleme l\u00f6sbar. Gro\u00dfm\u00e4chte und Staaten- Zusammenschl\u00fcsse seien das Elend unserer Zeit \u2013 mit Kampf um Energievorr\u00e4te, Verkehrs- und Transportproblemen, R\u00fcstungswahn und Angst, aber auch mit dem Potenzial, alles vernichtende Kriege zu f\u00fchren. Kohrs Gegenrezept: &#8222;disunion now!&#8220;, Entflechtung jetzt, ein Europa der Regionen, in der jeder gro\u00df genug ist, f\u00fcr sich selbst zu sorgen, aber so klein, dass er andere nicht beherrschen kann.<\/p>\n","protected":false},"featured_media":712,"comment_status":"open","ping_status":"closed","template":"","meta":[],"product_brand":[],"product_cat":[15],"product_tag":[85,88,89,55],"class_list":{"0":"post-66","1":"product","2":"type-product","3":"status-publish","4":"has-post-thumbnail","6":"product_cat-dvdcd","7":"product_tag-leopold-kohr","8":"product_tag-oesterrreich-bild-am-sonntag","9":"product_tag-projekte","10":"product_tag-salzburg","12":"first","13":"instock","14":"taxable","15":"shipping-taxable","16":"purchasable","17":"product-type-simple"},"_links":{"self":[{"href":"https:\/\/www.tauriska.at\/shop\/wp-json\/wp\/v2\/product\/66","targetHints":{"allow":["GET"]}}],"collection":[{"href":"https:\/\/www.tauriska.at\/shop\/wp-json\/wp\/v2\/product"}],"about":[{"href":"https:\/\/www.tauriska.at\/shop\/wp-json\/wp\/v2\/types\/product"}],"replies":[{"embeddable":true,"href":"https:\/\/www.tauriska.at\/shop\/wp-json\/wp\/v2\/comments?post=66"}],"wp:featuredmedia":[{"embeddable":true,"href":"https:\/\/www.tauriska.at\/shop\/wp-json\/wp\/v2\/media\/712"}],"wp:attachment":[{"href":"https:\/\/www.tauriska.at\/shop\/wp-json\/wp\/v2\/media?parent=66"}],"wp:term":[{"taxonomy":"product_brand","embeddable":true,"href":"https:\/\/www.tauriska.at\/shop\/wp-json\/wp\/v2\/product_brand?post=66"},{"taxonomy":"product_cat","embeddable":true,"href":"https:\/\/www.tauriska.at\/shop\/wp-json\/wp\/v2\/product_cat?post=66"},{"taxonomy":"product_tag","embeddable":true,"href":"https:\/\/www.tauriska.at\/shop\/wp-json\/wp\/v2\/product_tag?post=66"}],"curies":[{"name":"wp","href":"https:\/\/api.w.org\/{rel}","templated":true}]}}