{"id":62,"date":"2018-05-07T14:17:12","date_gmt":"2018-05-07T12:17:12","guid":{"rendered":"https:\/\/www.tauriska.at\/shop\/?post_type=product&#038;p=62"},"modified":"2022-02-11T06:16:17","modified_gmt":"2022-02-11T05:16:17","slug":"oberpinzgauer-mundartausdruecke","status":"publish","type":"product","link":"https:\/\/www.tauriska.at\/shop\/produkt\/oberpinzgauer-mundartausdruecke\/","title":{"rendered":"Oberpinzgauer Mundartausdr\u00fccke"},"content":{"rendered":"<p>Gesammelt von Franz Fritz<br \/>\nFormat 21 x 14,85 cm (hoch), brosch\u00fcrt, 153 Seiten, 13 SW-Fotos<br \/>\nTAURISKA-Verlag<br \/>\nISBN-978-3-901257-36-0<\/p>\n","protected":false},"excerpt":{"rendered":"<p>Franz Fritz aus Mittersill (geboren 1953) begann vor 8 Jahren Mundartausdr\u00fccke zu sammeln und niederzuschreiben. Er selbst bemerkte als Pfleger im Krankenhaus Mittersill, dass alte Pinzgauer Ausdr\u00fccke nur selten mehr gesprochen werden und er auch immer wieder selbst Ausdr\u00fccke h\u00f6rte, die er auch schon vergessen hatte. Bevor die Mittersiller Ausdr\u00fccke ganz verschwinden, schrieb er die Ausdr\u00fccke nieder. In der Brosch\u00fcre sind auch die sprachlichen Vergleiche mit Neukirchen bis Krimml angef\u00fchrt.<\/p>\n","protected":false},"featured_media":729,"comment_status":"open","ping_status":"closed","template":"","meta":[],"product_brand":[],"product_cat":[40],"product_tag":[80,103,48,84,81],"class_list":{"0":"post-62","1":"product","2":"type-product","3":"status-publish","4":"has-post-thumbnail","6":"product_cat-buch","7":"product_tag-dialekt","8":"product_tag-mittersill","9":"product_tag-mundartaustruecke","10":"product_tag-oberpinzgau","11":"product_tag-sprache","13":"first","14":"instock","15":"taxable","16":"shipping-taxable","17":"purchasable","18":"product-type-simple"},"_links":{"self":[{"href":"https:\/\/www.tauriska.at\/shop\/wp-json\/wp\/v2\/product\/62","targetHints":{"allow":["GET"]}}],"collection":[{"href":"https:\/\/www.tauriska.at\/shop\/wp-json\/wp\/v2\/product"}],"about":[{"href":"https:\/\/www.tauriska.at\/shop\/wp-json\/wp\/v2\/types\/product"}],"replies":[{"embeddable":true,"href":"https:\/\/www.tauriska.at\/shop\/wp-json\/wp\/v2\/comments?post=62"}],"wp:featuredmedia":[{"embeddable":true,"href":"https:\/\/www.tauriska.at\/shop\/wp-json\/wp\/v2\/media\/729"}],"wp:attachment":[{"href":"https:\/\/www.tauriska.at\/shop\/wp-json\/wp\/v2\/media?parent=62"}],"wp:term":[{"taxonomy":"product_brand","embeddable":true,"href":"https:\/\/www.tauriska.at\/shop\/wp-json\/wp\/v2\/product_brand?post=62"},{"taxonomy":"product_cat","embeddable":true,"href":"https:\/\/www.tauriska.at\/shop\/wp-json\/wp\/v2\/product_cat?post=62"},{"taxonomy":"product_tag","embeddable":true,"href":"https:\/\/www.tauriska.at\/shop\/wp-json\/wp\/v2\/product_tag?post=62"}],"curies":[{"name":"wp","href":"https:\/\/api.w.org\/{rel}","templated":true}]}}