{"id":61,"date":"2018-05-07T14:15:45","date_gmt":"2018-05-07T12:15:45","guid":{"rendered":"https:\/\/www.tauriska.at\/shop\/?post_type=product&#038;p=61"},"modified":"2022-02-11T06:16:50","modified_gmt":"2022-02-11T05:16:50","slug":"biddi-ila-matar-abenteuer-amman","status":"publish","type":"product","link":"https:\/\/www.tauriska.at\/shop\/produkt\/biddi-ila-matar-abenteuer-amman\/","title":{"rendered":"Biddi ila matar &#8211; Abenteuer Amman"},"content":{"rendered":"<p>Florian Gantner<br \/>\nSeiten\/Umfang : ca. 120 S. &#8211; 19,0 x 12,6 cm, Einband: Paperback<br \/>\nTAURISKA-Verlag<br \/>\nISBN: 978-3-901257-38-4<\/p>\n","protected":false},"excerpt":{"rendered":"<p>F\u00fcr f\u00fcnf Monate nach Jordanien, um arabischen Studierenden Deutsch beizubringen. F\u00fcr f\u00fcnf Monate in die jordanische Hauptstadt Amman, noch dazu ohne ein Wort Arabisch zu sprechen &#8211; da ergibt sich einiges zu erz\u00e4hlen. Von Problemen bei der Essensbeschaffung \u00fcber Verwirrung im \u00f6ffentlichen Nahverkehr und einen ungewollten Flirt mit jordanischen Polizistinnen bis zu wiederholten Versuchen, eine Warmwasserdusche zu erfeilschen reicht der Bogen in Biddi ila matar. Abenteuer Amman<\/p>\n","protected":false},"featured_media":707,"comment_status":"open","ping_status":"closed","template":"","meta":[],"product_brand":[],"product_cat":[40],"product_tag":[106,105,104,107],"class_list":{"0":"post-61","1":"product","2":"type-product","3":"status-publish","4":"has-post-thumbnail","6":"product_cat-buch","7":"product_tag-literatur","8":"product_tag-rauriser-foerderpreistraeger","9":"product_tag-reisebericht","10":"product_tag-wo-geht-es-hier-zum-flughafen","12":"first","13":"instock","14":"taxable","15":"shipping-taxable","16":"purchasable","17":"product-type-simple"},"_links":{"self":[{"href":"https:\/\/www.tauriska.at\/shop\/wp-json\/wp\/v2\/product\/61","targetHints":{"allow":["GET"]}}],"collection":[{"href":"https:\/\/www.tauriska.at\/shop\/wp-json\/wp\/v2\/product"}],"about":[{"href":"https:\/\/www.tauriska.at\/shop\/wp-json\/wp\/v2\/types\/product"}],"replies":[{"embeddable":true,"href":"https:\/\/www.tauriska.at\/shop\/wp-json\/wp\/v2\/comments?post=61"}],"wp:featuredmedia":[{"embeddable":true,"href":"https:\/\/www.tauriska.at\/shop\/wp-json\/wp\/v2\/media\/707"}],"wp:attachment":[{"href":"https:\/\/www.tauriska.at\/shop\/wp-json\/wp\/v2\/media?parent=61"}],"wp:term":[{"taxonomy":"product_brand","embeddable":true,"href":"https:\/\/www.tauriska.at\/shop\/wp-json\/wp\/v2\/product_brand?post=61"},{"taxonomy":"product_cat","embeddable":true,"href":"https:\/\/www.tauriska.at\/shop\/wp-json\/wp\/v2\/product_cat?post=61"},{"taxonomy":"product_tag","embeddable":true,"href":"https:\/\/www.tauriska.at\/shop\/wp-json\/wp\/v2\/product_tag?post=61"}],"curies":[{"name":"wp","href":"https:\/\/api.w.org\/{rel}","templated":true}]}}