{"id":609,"date":"2021-10-12T18:49:07","date_gmt":"2021-10-12T16:49:07","guid":{"rendered":"https:\/\/www.tauriska.at\/shop\/?post_type=product&#038;p=609"},"modified":"2022-04-21T12:48:10","modified_gmt":"2022-04-21T10:48:10","slug":"haarschaf-komme-was-wolle-wir-schafen-das-wissenswertes-rund-ums-schaf","status":"publish","type":"product","link":"https:\/\/www.tauriska.at\/shop\/produkt\/haarschaf-komme-was-wolle-wir-schafen-das-wissenswertes-rund-ums-schaf\/","title":{"rendered":"\u201eHaarschaf \u2013 Komme was WOLLE, wir SCHAFen das!\u201c &#8211; Wissenswertes rund ums Schaf"},"content":{"rendered":"<p>\u201eWie viel wissen wir eigentlich \u00fcber Schafe?\u201c Diese Frage haben wir uns und unseren Landjugendmitgliedern gestellt, mit der traurigen Erkenntnis, eigentlich gar nicht so viel. Klar, bei Rindern kennen sich unsere meisten Mitglieder als Milch- und Mastbauern bestens aus. Um dies auch bei Schafen behaupten zu k\u00f6nnen, haben wir uns entschieden, unser JUMP-Projekt \u201eHaarschaf &#8211; Komme was WOLLE, wir SCHAFen das!&#8220; ganz dem Tier Schaf zu widmen. Damit m\u00f6chten wir das Wissen und die Wertsch\u00e4tzung unserer Landjugendmitglieder und der Saalfeldner Bev\u00f6lkerung diesem Thema gegen\u00fcber erh\u00f6hen.<\/p>\n","protected":false},"excerpt":{"rendered":"<p>JUMP-Projekt der Landjugend Saalfelden von Katharina Fritzenwanker &amp; Andrea St\u00f6ckl<br \/>\nSoftcover, 210 x 297 mm, 52 S., geb., ca. 40 Farbabbildungen,<br \/>\n\u20ac 12,00 (inkl. Mwst., exkl. Porto und Verpackung)<br \/>\nISBN 978-3-901257-63-6<\/p>\n","protected":false},"featured_media":720,"comment_status":"open","ping_status":"closed","template":"","meta":[],"product_brand":[],"product_cat":[40],"product_tag":[144,173,112,174,172,134],"class_list":{"0":"post-609","1":"product","2":"type-product","3":"status-publish","4":"has-post-thumbnail","6":"product_cat-buch","7":"product_tag-land-salzburg","8":"product_tag-landjugend-saalfelden","9":"product_tag-pinzgau","10":"product_tag-projekt-schafohrmarke","11":"product_tag-schafe","12":"product_tag-tauriska","14":"first","15":"instock","16":"taxable","17":"shipping-taxable","18":"purchasable","19":"product-type-simple"},"_links":{"self":[{"href":"https:\/\/www.tauriska.at\/shop\/wp-json\/wp\/v2\/product\/609","targetHints":{"allow":["GET"]}}],"collection":[{"href":"https:\/\/www.tauriska.at\/shop\/wp-json\/wp\/v2\/product"}],"about":[{"href":"https:\/\/www.tauriska.at\/shop\/wp-json\/wp\/v2\/types\/product"}],"replies":[{"embeddable":true,"href":"https:\/\/www.tauriska.at\/shop\/wp-json\/wp\/v2\/comments?post=609"}],"wp:featuredmedia":[{"embeddable":true,"href":"https:\/\/www.tauriska.at\/shop\/wp-json\/wp\/v2\/media\/720"}],"wp:attachment":[{"href":"https:\/\/www.tauriska.at\/shop\/wp-json\/wp\/v2\/media?parent=609"}],"wp:term":[{"taxonomy":"product_brand","embeddable":true,"href":"https:\/\/www.tauriska.at\/shop\/wp-json\/wp\/v2\/product_brand?post=609"},{"taxonomy":"product_cat","embeddable":true,"href":"https:\/\/www.tauriska.at\/shop\/wp-json\/wp\/v2\/product_cat?post=609"},{"taxonomy":"product_tag","embeddable":true,"href":"https:\/\/www.tauriska.at\/shop\/wp-json\/wp\/v2\/product_tag?post=609"}],"curies":[{"name":"wp","href":"https:\/\/api.w.org\/{rel}","templated":true}]}}