{"id":605,"date":"2021-10-12T18:40:46","date_gmt":"2021-10-12T16:40:46","guid":{"rendered":"https:\/\/www.tauriska.at\/shop\/?post_type=product&#038;p=605"},"modified":"2022-02-11T05:57:42","modified_gmt":"2022-02-11T04:57:42","slug":"lose-blaetter","status":"publish","type":"product","link":"https:\/\/www.tauriska.at\/shop\/produkt\/lose-blaetter\/","title":{"rendered":"Lose Bl\u00e4tter"},"content":{"rendered":"<p>Die Aufzeichnungen wurden mit Tusche \u00fcbermalt, teils klingen Zeichnungen durch die Tusche hin-durch \u2013 das Fragmenthafte steht dabei im Vordergrund, der nicht mehr zu entschl\u00fcsselnde Text, die Verdichtung durch die \u00dcberlagerung. Ohne jeden einleitenden Kommentar, in mehrere Kapitel gegliedert, wie eine Erz\u00e4hlung. Allerdings nur als Bild lesbar.<\/p>\n<p>&nbsp;<\/p>\n","protected":false},"excerpt":{"rendered":"<p>Von Karl Hartwig Kaltner<br \/>\nEs handelt sich dabei um Tagebuchaufzeichnungen, Notizen, Gedankenskizzen.<br \/>\ngeb., ca. 120 Farbabbildungen, \u20ac 42,00 (inkl. Mwst., exkl. Porto und Verpackung)<br \/>\nISBN 978-3-901257-62-9<\/p>\n<p>&nbsp;<\/p>\n","protected":false},"featured_media":726,"comment_status":"open","ping_status":"closed","template":"","meta":[],"product_brand":[],"product_cat":[40],"product_tag":[170,144,134,171],"class_list":{"0":"post-605","1":"product","2":"type-product","3":"status-publish","4":"has-post-thumbnail","6":"product_cat-buch","7":"product_tag-karl-hartwig-kaltner","8":"product_tag-land-salzburg","9":"product_tag-tauriska","10":"product_tag-tuschzeichnungen","12":"first","13":"instock","14":"taxable","15":"shipping-taxable","16":"purchasable","17":"product-type-simple"},"_links":{"self":[{"href":"https:\/\/www.tauriska.at\/shop\/wp-json\/wp\/v2\/product\/605","targetHints":{"allow":["GET"]}}],"collection":[{"href":"https:\/\/www.tauriska.at\/shop\/wp-json\/wp\/v2\/product"}],"about":[{"href":"https:\/\/www.tauriska.at\/shop\/wp-json\/wp\/v2\/types\/product"}],"replies":[{"embeddable":true,"href":"https:\/\/www.tauriska.at\/shop\/wp-json\/wp\/v2\/comments?post=605"}],"wp:featuredmedia":[{"embeddable":true,"href":"https:\/\/www.tauriska.at\/shop\/wp-json\/wp\/v2\/media\/726"}],"wp:attachment":[{"href":"https:\/\/www.tauriska.at\/shop\/wp-json\/wp\/v2\/media?parent=605"}],"wp:term":[{"taxonomy":"product_brand","embeddable":true,"href":"https:\/\/www.tauriska.at\/shop\/wp-json\/wp\/v2\/product_brand?post=605"},{"taxonomy":"product_cat","embeddable":true,"href":"https:\/\/www.tauriska.at\/shop\/wp-json\/wp\/v2\/product_cat?post=605"},{"taxonomy":"product_tag","embeddable":true,"href":"https:\/\/www.tauriska.at\/shop\/wp-json\/wp\/v2\/product_tag?post=605"}],"curies":[{"name":"wp","href":"https:\/\/api.w.org\/{rel}","templated":true}]}}