{"id":54,"date":"2018-05-07T14:06:13","date_gmt":"2018-05-07T12:06:13","guid":{"rendered":"https:\/\/www.tauriska.at\/shop\/?post_type=product&#038;p=54"},"modified":"2022-02-11T06:27:02","modified_gmt":"2022-02-11T05:27:02","slug":"fug-und-schatten","status":"publish","type":"product","link":"https:\/\/www.tauriska.at\/shop\/produkt\/fug-und-schatten\/","title":{"rendered":"fug und schatten"},"content":{"rendered":"<p>Karl Hartwig Kaltner und Gerlinde Weinm\u00fcller<br \/>\n24,5 x 24,5 cm, Halbleineneinband mit Fadenheftung, 120 Seiten, ca. 55 Abb. (Skizzen), TAURISKA Verlag<br \/>\nISBN 978-3-901257-46-9<\/p>\n","protected":false},"excerpt":{"rendered":"<p>Ein fl\u00fcchtiger Blick. Schnell hingeworfene Striche. Momentaufnahmen, gesehen im vor\u00fcbergehen. Erinnerung, ein weiterdenken, Vorw\u00e4rtstr\u00e4umen. Vielleicht auch nur ein Schattenspiel. Festge-f\u00fcgt, weil alles sich kontinuierlich zu ver\u00e4ndern scheint. Ein Tal, auch eine K\u00fcste, ein Flusslauf oder \u00dcbergang. Grotten, sickernde Quellen, verdichtet im Schatten der Felsen.<br \/>\nDie Augen blutig geschaut im Dickicht der Striche. Das h\u00e4mmern und kratzen des Stiftes auf dem Papier. Kaum begangenen wegen nachsp\u00fcren, entdecken. Tannh\u00e4user des Augenblicks,<br \/>\ndes verg\u00e4nglichen. des vor\u00fcbergehenden. das heftige Rauschen der Schwingen. der Schatten eines Vogels. Dann wieder Stille. Abgeschiedenheit.<br \/>\nStunde um Stunde ein ausgetrockenes Bachbett hinaufgewandert. Die Kargheit der Felsen im Sand. W\u00fcstenhaft. Japanische G\u00e4rten. gehen um des Gehens willen. Den Rhythmus suchen. von Stein<br \/>\nzu Stein. Sich l\u00f6sen vom hier und jetzt, vom Diktat der zeit. die absolute Wichtigkeit in der Bedeu-tungslosigkeit des tuns. Der Tag ist m\u00fcde geworden. Licht und Schatten. Ein Kontrapunkt. Die<br \/>\nLeidenschaft im Strich, im schnellen Zeichnen. Nichts festhalten wollen. Zeichnen. Verstehn im tun.<br \/>\nK. H. Kaltner<\/p>\n","protected":false},"featured_media":714,"comment_status":"open","ping_status":"closed","template":"","meta":[],"product_brand":[],"product_cat":[40],"product_tag":[121,122],"class_list":{"0":"post-54","1":"product","2":"type-product","3":"status-publish","4":"has-post-thumbnail","6":"product_cat-buch","7":"product_tag-gedichte","8":"product_tag-skizzen","10":"first","11":"instock","12":"taxable","13":"shipping-taxable","14":"purchasable","15":"product-type-simple"},"_links":{"self":[{"href":"https:\/\/www.tauriska.at\/shop\/wp-json\/wp\/v2\/product\/54","targetHints":{"allow":["GET"]}}],"collection":[{"href":"https:\/\/www.tauriska.at\/shop\/wp-json\/wp\/v2\/product"}],"about":[{"href":"https:\/\/www.tauriska.at\/shop\/wp-json\/wp\/v2\/types\/product"}],"replies":[{"embeddable":true,"href":"https:\/\/www.tauriska.at\/shop\/wp-json\/wp\/v2\/comments?post=54"}],"wp:featuredmedia":[{"embeddable":true,"href":"https:\/\/www.tauriska.at\/shop\/wp-json\/wp\/v2\/media\/714"}],"wp:attachment":[{"href":"https:\/\/www.tauriska.at\/shop\/wp-json\/wp\/v2\/media?parent=54"}],"wp:term":[{"taxonomy":"product_brand","embeddable":true,"href":"https:\/\/www.tauriska.at\/shop\/wp-json\/wp\/v2\/product_brand?post=54"},{"taxonomy":"product_cat","embeddable":true,"href":"https:\/\/www.tauriska.at\/shop\/wp-json\/wp\/v2\/product_cat?post=54"},{"taxonomy":"product_tag","embeddable":true,"href":"https:\/\/www.tauriska.at\/shop\/wp-json\/wp\/v2\/product_tag?post=54"}],"curies":[{"name":"wp","href":"https:\/\/api.w.org\/{rel}","templated":true}]}}