{"id":510,"date":"2020-12-11T18:01:23","date_gmt":"2020-12-11T17:01:23","guid":{"rendered":"https:\/\/www.tauriska.at\/shop\/?post_type=product&#038;p=510"},"modified":"2022-02-11T05:58:15","modified_gmt":"2022-02-11T04:58:15","slug":"schoenperchten-pinzgauer-tresterer","status":"publish","type":"product","link":"https:\/\/www.tauriska.at\/shop\/produkt\/schoenperchten-pinzgauer-tresterer\/","title":{"rendered":"Sch\u00f6nperchten \u2013 Pinzgauer Tresterer"},"content":{"rendered":"<p>Der Pinzgauer Tresterer-Tanz ist einzigartig. Eingebunden in ein b\u00e4uerliches Brauchgeschehen mit theatralischen Elementen und ungew\u00f6hnlichen Kost\u00fcmen findet er innerhalb der winterlichen Zeit statt. Der Brauch m\u00fcndet in W\u00fcnsche f\u00fcr ein gutes, friedvolles und gl\u00fcckliches neues Jahr f\u00fcr Haus und Hof. Da er \u00fcberwiegend in den gro\u00dfen Bauernstuben stattfand, wurden die guten W\u00fcnsche auch mit einer ertragreichen Ernte in Verbindung gebracht. Fixer Bestandteil und H\u00f6hepunkt ist der komplexe Ablauf des Tresterer-Tanzes. Ungew\u00f6hnlich sind dabei auch die von Bauern, Knechten und l\u00e4ndlichen Arbeitern entwickelten Tanzschritte, die in dieser Form im bayerisch-\u00f6sterreichischen Tanzgeschehen keine Entsprechung finden.<br \/>\nEinem interdisziplin\u00e4ren Team von Wissenschaftlern, gemeinsam mit den am Brauch Beteiligten und weiteren Auskunftspersonen aus dem Pinzgau ist es gelungen, die m\u00fcndliche und schriftliche Tradierung von Beginn der \u00dcberlieferung an bis heute chronologisch l\u00fcckenlos aufzuzeigen. Die historische \u00dcberlieferung von Texten und Bildern wird erg\u00e4nzt mit dem Blick auf die Gegenwart. Dabei wird neben dem Tresterer-Tanz im Pinzgau mit seiner Sonderform in Unken auch der Pinzgauer Tresterer-Tanz der Alpinia Salzburg ber\u00fccksichtigt.<\/p>\n<p><iframe loading=\"lazy\" title=\"Buchpromo Pinzgauer Tresterer\" width=\"640\" height=\"360\" src=\"https:\/\/www.youtube.com\/embed\/zEJpnGwbqsI?start=1&#038;feature=oembed\" frameborder=\"0\" allow=\"accelerometer; autoplay; clipboard-write; encrypted-media; gyroscope; picture-in-picture\" allowfullscreen><\/iframe><\/p>\n","protected":false},"excerpt":{"rendered":"<p><strong>Dokumentation eines Brauches in Geschichte und Gegenwart<br \/>\n<\/strong>Mit Beitr\u00e4gen von Ernestine Hutter, Michael Malkiewicz, G\u00fcnter Mayrhofer, Lukas H. Schmiderer, Manfred Seifert, Susanna V\u00f6tter-Dankl und Christian V\u00f6tter.<\/p>\n<p>Hardcover, Fadenheftung, Format 25,2 x 23,4<br \/>\nISBN: 978-3-901257-61-2<\/p>\n","protected":false},"featured_media":717,"comment_status":"open","ping_status":"closed","template":"","meta":[],"product_brand":[],"product_cat":[40],"product_tag":[164,167,112,161,169,55,162,166,168,163,165],"class_list":{"0":"post-510","1":"product","2":"type-product","3":"status-publish","4":"has-post-thumbnail","6":"product_cat-buch","7":"product_tag-brauchtum","8":"product_tag-bruck-an-der-glocknerstrasse","9":"product_tag-pinzgau","10":"product_tag-pinzgauer-tresterer","11":"product_tag-saalfelden","12":"product_tag-salzburg","13":"product_tag-schoenperchten","14":"product_tag-stuhlfelden","15":"product_tag-unken","16":"product_tag-wissenschaft","17":"product_tag-zell-am-see","19":"first","20":"instock","21":"taxable","22":"shipping-taxable","23":"purchasable","24":"product-type-simple"},"_links":{"self":[{"href":"https:\/\/www.tauriska.at\/shop\/wp-json\/wp\/v2\/product\/510","targetHints":{"allow":["GET"]}}],"collection":[{"href":"https:\/\/www.tauriska.at\/shop\/wp-json\/wp\/v2\/product"}],"about":[{"href":"https:\/\/www.tauriska.at\/shop\/wp-json\/wp\/v2\/types\/product"}],"replies":[{"embeddable":true,"href":"https:\/\/www.tauriska.at\/shop\/wp-json\/wp\/v2\/comments?post=510"}],"wp:featuredmedia":[{"embeddable":true,"href":"https:\/\/www.tauriska.at\/shop\/wp-json\/wp\/v2\/media\/717"}],"wp:attachment":[{"href":"https:\/\/www.tauriska.at\/shop\/wp-json\/wp\/v2\/media?parent=510"}],"wp:term":[{"taxonomy":"product_brand","embeddable":true,"href":"https:\/\/www.tauriska.at\/shop\/wp-json\/wp\/v2\/product_brand?post=510"},{"taxonomy":"product_cat","embeddable":true,"href":"https:\/\/www.tauriska.at\/shop\/wp-json\/wp\/v2\/product_cat?post=510"},{"taxonomy":"product_tag","embeddable":true,"href":"https:\/\/www.tauriska.at\/shop\/wp-json\/wp\/v2\/product_tag?post=510"}],"curies":[{"name":"wp","href":"https:\/\/api.w.org\/{rel}","templated":true}]}}