{"id":51,"date":"2018-05-07T13:58:20","date_gmt":"2018-05-07T11:58:20","guid":{"rendered":"https:\/\/www.tauriska.at\/shop\/?post_type=product&#038;p=51"},"modified":"2022-02-11T06:28:29","modified_gmt":"2022-02-11T05:28:29","slug":"mit-leinen-leben","status":"publish","type":"product","link":"https:\/\/www.tauriska.at\/shop\/produkt\/mit-leinen-leben\/","title":{"rendered":"Mit Leinen leben"},"content":{"rendered":"<p>Ernestine Reisinger-B\u00fcrger<br \/>\nBuch, Halbleineneinband 29 x21 cm (Querformat), 120 Seiten<br \/>\nViele Fotos\/Abb.,\u00a0TAURISKA Verlag<br \/>\nISBN: 978-3-901257-53-7<\/p>\n","protected":false},"excerpt":{"rendered":"<p>Die Autorin verfolgt mit diesem Buch das Ziel, Leinen aus dem Verborgenen \u2013 aus Ecken, Truhen und verstaubten K\u00e4mmerlein \u2013 hervor zu holen. Es soll den ihm geb\u00fchrenden Platz in einer neuen Welt der Klassik und des Luxus finden, um so die Menschen zu begeistern und zu erfreuen.<br \/>\nVorrangig geht es Ernestine Reisinger-B\u00fcrger um die Erhaltung der traditionellen Verarbeitungsmethoden und Gestaltungstechniken. Seit der Gr\u00fcndung ihres Einrichtungsfachgesch\u00e4fts stellt die Verwendung von Leinen im Wohnbereich ein Hauptthema dar. In jahrelanger Besch\u00e4ftigung mit diesem edlen Naturprodukt verfeinerte sie althergebrachte Arbeitsg\u00e4nge und entwickelte sie zeitgem\u00e4\u00df weiter, wobei ihr auch die sachgerechte Pflege dieser Sch\u00e4tze ein wichtiges Anliegen war. Das vorliegende, mit Feingef\u00fchl gestaltete Buch gibt mit klaren Texten und vielen Abbildungen, die sich durch Farbharmonie auszeichnen, Zeugnis von den langj\u00e4hrigen Erfahrungen der Autorin mit dem gro\u00dfartigen Kulturgut Leinen.<\/p>\n","protected":false},"featured_media":716,"comment_status":"open","ping_status":"closed","template":"","meta":[],"product_brand":[],"product_cat":[40],"product_tag":[123,51,124],"class_list":{"0":"post-51","1":"product","2":"type-product","3":"status-publish","4":"has-post-thumbnail","6":"product_cat-buch","7":"product_tag-dekoration","8":"product_tag-leinen","9":"product_tag-pflegeanleitungen","11":"first","12":"instock","13":"taxable","14":"shipping-taxable","15":"purchasable","16":"product-type-simple"},"_links":{"self":[{"href":"https:\/\/www.tauriska.at\/shop\/wp-json\/wp\/v2\/product\/51","targetHints":{"allow":["GET"]}}],"collection":[{"href":"https:\/\/www.tauriska.at\/shop\/wp-json\/wp\/v2\/product"}],"about":[{"href":"https:\/\/www.tauriska.at\/shop\/wp-json\/wp\/v2\/types\/product"}],"replies":[{"embeddable":true,"href":"https:\/\/www.tauriska.at\/shop\/wp-json\/wp\/v2\/comments?post=51"}],"wp:featuredmedia":[{"embeddable":true,"href":"https:\/\/www.tauriska.at\/shop\/wp-json\/wp\/v2\/media\/716"}],"wp:attachment":[{"href":"https:\/\/www.tauriska.at\/shop\/wp-json\/wp\/v2\/media?parent=51"}],"wp:term":[{"taxonomy":"product_brand","embeddable":true,"href":"https:\/\/www.tauriska.at\/shop\/wp-json\/wp\/v2\/product_brand?post=51"},{"taxonomy":"product_cat","embeddable":true,"href":"https:\/\/www.tauriska.at\/shop\/wp-json\/wp\/v2\/product_cat?post=51"},{"taxonomy":"product_tag","embeddable":true,"href":"https:\/\/www.tauriska.at\/shop\/wp-json\/wp\/v2\/product_tag?post=51"}],"curies":[{"name":"wp","href":"https:\/\/api.w.org\/{rel}","templated":true}]}}