{"id":48,"date":"2018-05-07T13:39:45","date_gmt":"2018-05-07T11:39:45","guid":{"rendered":"https:\/\/www.tauriska.at\/shop\/?post_type=product&#038;p=48"},"modified":"2022-02-11T06:29:09","modified_gmt":"2022-02-11T05:29:09","slug":"und-denkt-an-sein-erbarmen","status":"publish","type":"product","link":"https:\/\/www.tauriska.at\/shop\/produkt\/und-denkt-an-sein-erbarmen\/","title":{"rendered":"Und denkt an sein Erbarmen"},"content":{"rendered":"<p>Betrachtungen zum Magnificat<br \/>\nJohannes Schneider<br \/>\n12,5 x 20,5 cm, 72 Seiten, 7 Zeichnungen<br \/>\nISBN 978-3-901257-55-1<\/p>\n","protected":false},"excerpt":{"rendered":"<p>Das Magnificat ist der Lobgesang der Mutter Jesu, den der Evangelist Lukas in seinem Evangelium \u00fcberliefert. Es ist ein Lied der Freude \u00fcber das Wirken Gottes an der Niedrigkeit seiner Magd und an allen Kleinen und armen dieser Welt, die Gott durch seine eigene Erniedrigung in der Menschwerdung erh\u00f6hen wird. die sechzehn, in diesem Buch enthaltenen, Betrachtungen zum Lied Mariens sind als Kurzvortr\u00e4ge (Katechesen) \u00fcber das Gebet in der Franziskanerkirche Salzburg entstanden. Sie wollen helfen, den Reichtum seiner biblischen Botschaft vom Urtext her tiefer zu verstehen und ihn f\u00fcr die Gegenwart neu zu entdecken.<\/p>\n<p>Johannes Schneider<br \/>\n1956 in Schwaz \/ Tirol geboren, trat 1977 in den Franziskanerorden ein und wurde 1982 zum Priester geweiht. Von 1983-84 studiert er Franziskanische Spiritualit\u00e4t am Franciscan Institute, Saint Bonaventure, New York, und von 1989-93 Spirituelle Theologie am Pontificium athenaeum antonianum in Rom mit Abschluss des Doktorats. Seither ist er in der Franziskanerprovinz Austria, derzeit in Salzburg, in Seelsorge, Ausbildung und Franziskanischer Forschung t\u00e4tig. aus dieser T\u00e4tigkeit stammen mehrere Publikationen wissenschaftlicher (franziskanische Forschung) und seelsorglicher Natur (Schriftbetrachtungen).<\/p>\n","protected":false},"featured_media":723,"comment_status":"open","ping_status":"closed","template":"","meta":[],"product_brand":[],"product_cat":[40],"product_tag":[127,126,128,125],"class_list":{"0":"post-48","1":"product","2":"type-product","3":"status-publish","4":"has-post-thumbnail","6":"product_cat-buch","7":"product_tag-franziskaner","8":"product_tag-gebet","9":"product_tag-kurzvortraege","10":"product_tag-lobgesang-der-mutter-jesu","12":"first","13":"instock","14":"taxable","15":"shipping-taxable","16":"purchasable","17":"product-type-simple"},"_links":{"self":[{"href":"https:\/\/www.tauriska.at\/shop\/wp-json\/wp\/v2\/product\/48","targetHints":{"allow":["GET"]}}],"collection":[{"href":"https:\/\/www.tauriska.at\/shop\/wp-json\/wp\/v2\/product"}],"about":[{"href":"https:\/\/www.tauriska.at\/shop\/wp-json\/wp\/v2\/types\/product"}],"replies":[{"embeddable":true,"href":"https:\/\/www.tauriska.at\/shop\/wp-json\/wp\/v2\/comments?post=48"}],"wp:featuredmedia":[{"embeddable":true,"href":"https:\/\/www.tauriska.at\/shop\/wp-json\/wp\/v2\/media\/723"}],"wp:attachment":[{"href":"https:\/\/www.tauriska.at\/shop\/wp-json\/wp\/v2\/media?parent=48"}],"wp:term":[{"taxonomy":"product_brand","embeddable":true,"href":"https:\/\/www.tauriska.at\/shop\/wp-json\/wp\/v2\/product_brand?post=48"},{"taxonomy":"product_cat","embeddable":true,"href":"https:\/\/www.tauriska.at\/shop\/wp-json\/wp\/v2\/product_cat?post=48"},{"taxonomy":"product_tag","embeddable":true,"href":"https:\/\/www.tauriska.at\/shop\/wp-json\/wp\/v2\/product_tag?post=48"}],"curies":[{"name":"wp","href":"https:\/\/api.w.org\/{rel}","templated":true}]}}