{"id":419,"date":"2020-07-30T17:31:40","date_gmt":"2020-07-30T15:31:40","guid":{"rendered":"https:\/\/www.tauriska.at\/shop\/?post_type=product&#038;p=419"},"modified":"2022-02-11T05:58:54","modified_gmt":"2022-02-11T04:58:54","slug":"der-obstgarten-im-gebirge","status":"publish","type":"product","link":"https:\/\/www.tauriska.at\/shop\/produkt\/der-obstgarten-im-gebirge\/","title":{"rendered":"Der Obstgarten im Gebirge"},"content":{"rendered":"<p>von Jacob Schranz \/ Bearbeitet von Susanne Rasser<\/p>\n<p>Softcover (15,5 cm x 11,7 cm) 100 Seiten, Zahlreiche Abbildungen<br \/>\nISBN 978-3-901257-57-5<\/p>\n<p>\u2022 Umweltvertr\u00e4gliches G\u00e4rtnern.<br \/>\n\u2022 Schonende Anbauweisen.<br \/>\n\u2022 Ein Obstbau, der ohne Giftstoffe auskommt.<br \/>\n\u2022 Im Einklang, in Harmonie mit der uns anvertrauten Erde.<br \/>\n\u2022 Wenn Sie dazu ein Buch suchen sollten, so haben Sie es hiermit gefunden.<\/p>\n<p>&nbsp;<\/p>\n","protected":false},"excerpt":{"rendered":"<p>Die Welt des Jacob Schranz ist eine, die l\u00e4ngst vergangen ist. Der Autor des hier vorliegenden Buches lebte zu einer Zeit, in der \u00d6sterreichs Kaiserin Maria Theresia das Zepter in H\u00e4nden hielt. Der im Pinzgau beheimatete und weit dar\u00fcber hinaus wirkende<br \/>\nJacob Schranz war Bauer, Buchautor, Obstbau-Lehrer, Vordenker, Wegbereiter und vielleicht auch so etwas wie ein ganz besonderer Naturschutzaktivist, ein Obstbaum-Fl\u00fcsterer der ersten Stunde.<\/p>\n<p>Die ebenfalls im Pinzgau beheimatete Autorin Susanne Rasser bearbeitete das Buch des Jacob Schranz und \u00fcbertrug es in eine zeitgem\u00e4\u00dfe Sprache, denn die l\u00e4ngst vergangene Jacob Schranz \u2013 Welt birgt und pr\u00e4sentiert einen Wissensschatz, aus dem auch Neues entstehen, wenn nicht gar erbl\u00fchen kann.<\/p>\n","protected":false},"featured_media":710,"comment_status":"open","ping_status":"closed","template":"","meta":[],"product_brand":[],"product_cat":[40],"product_tag":[160,144,157,159,112,158,134],"class_list":{"0":"post-419","1":"product","2":"type-product","3":"status-publish","4":"has-post-thumbnail","6":"product_cat-buch","7":"product_tag-jacob-schranz","8":"product_tag-land-salzburg","9":"product_tag-obstbau","10":"product_tag-obstpresse-bramberg","11":"product_tag-pinzgau","12":"product_tag-susanne-rasser","13":"product_tag-tauriska","15":"first","16":"instock","17":"taxable","18":"shipping-taxable","19":"purchasable","20":"product-type-simple"},"_links":{"self":[{"href":"https:\/\/www.tauriska.at\/shop\/wp-json\/wp\/v2\/product\/419","targetHints":{"allow":["GET"]}}],"collection":[{"href":"https:\/\/www.tauriska.at\/shop\/wp-json\/wp\/v2\/product"}],"about":[{"href":"https:\/\/www.tauriska.at\/shop\/wp-json\/wp\/v2\/types\/product"}],"replies":[{"embeddable":true,"href":"https:\/\/www.tauriska.at\/shop\/wp-json\/wp\/v2\/comments?post=419"}],"wp:featuredmedia":[{"embeddable":true,"href":"https:\/\/www.tauriska.at\/shop\/wp-json\/wp\/v2\/media\/710"}],"wp:attachment":[{"href":"https:\/\/www.tauriska.at\/shop\/wp-json\/wp\/v2\/media?parent=419"}],"wp:term":[{"taxonomy":"product_brand","embeddable":true,"href":"https:\/\/www.tauriska.at\/shop\/wp-json\/wp\/v2\/product_brand?post=419"},{"taxonomy":"product_cat","embeddable":true,"href":"https:\/\/www.tauriska.at\/shop\/wp-json\/wp\/v2\/product_cat?post=419"},{"taxonomy":"product_tag","embeddable":true,"href":"https:\/\/www.tauriska.at\/shop\/wp-json\/wp\/v2\/product_tag?post=419"}],"curies":[{"name":"wp","href":"https:\/\/api.w.org\/{rel}","templated":true}]}}