{"id":223,"date":"2019-02-23T17:23:16","date_gmt":"2019-02-23T16:23:16","guid":{"rendered":"https:\/\/www.tauriska.at\/shop\/?post_type=product&#038;p=223"},"modified":"2022-02-11T06:01:17","modified_gmt":"2022-02-11T05:01:17","slug":"leopold-kohr-fibel","status":"publish","type":"product","link":"https:\/\/www.tauriska.at\/shop\/produkt\/leopold-kohr-fibel\/","title":{"rendered":"Leopold Kohr FIBEL \u201eNur das Kleine macht lebendig\u201c"},"content":{"rendered":"<p><strong>Leopold Kohr FIBEL<\/strong><br \/>\n<strong>\u201eNur das Kleine macht lebendig\u201c<br \/>\n<em>Kohrs Programm gegen Zentralismus und Nationalismus<\/em><\/strong><\/p>\n<p>Josef Bruckmoser\/Claudia Pfeffer (Hrsg.)<br \/>\nUnter Mitarbeit von G\u00fcnther Witzany und Ewald Hiebl.<br \/>\nTaschenbuch: 152 Seiten, Zahlreiche Abbildungen<br \/>\nISBN 978-3-901257-57-5, Verlag Tauriska, 2019<\/p>\n<p>Das Streben nach Vereinigung und Wachstum, Gr\u00f6\u00dfenwahn und Ma\u00dflosigkeit pr\u00e4gten in vielfacher Hinsicht das 20. Jahrhundert. Seit zwei Jahrzehnten sind wir \u2013 auch in der Europ\u00e4ischen Union \u2013 mit dem Wiedererwachen des Nationalismus konfrontiert. Die Entwicklungen zeigen, wie hoch aktuell der Salzburger Philosoph Leopold Kohr (1909-1994) heute noch ist. Die Vision des geb\u00fcrtigen Oberndorfers war ein Europa der Regionen. Sie entstand wesentlich aus dem Antrieb heraus, den Nationalismus hintanzuhalten. Der Querdenker und Weltb\u00fcrger pl\u00e4dierte f\u00fcr die Schaffung kleiner, \u00fcberschaubarer, unabh\u00e4ngiger und selbstbestimmter Einheiten. Unter dem Slogan \u201eSmall is beautiful\u201c bot Kohr L\u00f6sungsvorschl\u00e4ge f\u00fcr Probleme wirtschaftlicher, politischer, sozialer, kultureller und \u00f6kologischer Art.<\/p>\n<p>Alfred Winter, der Kohr f\u00fcr Salzburg wiederentdeckt hat, sowie Susanna V\u00f6tter-Dankl, Christian V\u00f6tter und G\u00fcnther Nowotny von der Leopold-Kohr\u00ae-Akademie lassen \u00fcberdies den Menschen Leopold Kohr mit seiner gewinnenden Art, seinem Humor und seiner Herzlichkeit lebendig werden. Ferner zeigt der f\u00fchrende deutsche Postwachstums\u00f6konom Niko Paech auf, warum alles Gro\u00dfe schrumpfen muss, wenn wir unseren Planeten retten wollen.<\/p>\n","protected":false},"excerpt":{"rendered":"<p>Die im Tauriska-Verlag herausgegebene \u201eLeopold Kohr FIBEL\u201c mit dem Zusatztitel \u201eNur das Kleine macht lebendig\u201c beschreibt Kohrs Programm gegen Zentralismus und Nationalismus. Die Herausgeber &#8211; der Wissenschaftsjournalist Josef Bruckmoser und die Geschichtswissenschafterin Claudia Pfeffer &#8211; lassen den Philosophen in seinen Reden und Aufs\u00e4tzen authentisch zu Wort kommen. Dar\u00fcber hinaus werden konkrete Projekte aufgef\u00fchrt, die Kohrs Wirksamkeit f\u00fcr die regionale Entwicklung eindrucksvoll zeigen.<\/p>\n","protected":false},"featured_media":715,"comment_status":"open","ping_status":"closed","template":"","meta":[],"product_brand":[],"product_cat":[40],"product_tag":[138,139,137,142,143,141,136,144,85,135,140,134],"class_list":{"0":"post-223","1":"product","2":"type-product","3":"status-publish","4":"has-post-thumbnail","6":"product_cat-buch","7":"product_tag-alfred-winter","8":"product_tag-christian-voetter","9":"product_tag-claudia-pfeffer","10":"product_tag-ewald-hiebl","11":"product_tag-guenther-nowotny","12":"product_tag-guenther-witzany","13":"product_tag-josef-bruckmoser","14":"product_tag-land-salzburg","15":"product_tag-leopold-kohr","16":"product_tag-niko-paech","17":"product_tag-susanna-voetter-dankl","18":"product_tag-tauriska","20":"first","21":"instock","22":"taxable","23":"shipping-taxable","24":"purchasable","25":"product-type-simple"},"_links":{"self":[{"href":"https:\/\/www.tauriska.at\/shop\/wp-json\/wp\/v2\/product\/223","targetHints":{"allow":["GET"]}}],"collection":[{"href":"https:\/\/www.tauriska.at\/shop\/wp-json\/wp\/v2\/product"}],"about":[{"href":"https:\/\/www.tauriska.at\/shop\/wp-json\/wp\/v2\/types\/product"}],"replies":[{"embeddable":true,"href":"https:\/\/www.tauriska.at\/shop\/wp-json\/wp\/v2\/comments?post=223"}],"wp:featuredmedia":[{"embeddable":true,"href":"https:\/\/www.tauriska.at\/shop\/wp-json\/wp\/v2\/media\/715"}],"wp:attachment":[{"href":"https:\/\/www.tauriska.at\/shop\/wp-json\/wp\/v2\/media?parent=223"}],"wp:term":[{"taxonomy":"product_brand","embeddable":true,"href":"https:\/\/www.tauriska.at\/shop\/wp-json\/wp\/v2\/product_brand?post=223"},{"taxonomy":"product_cat","embeddable":true,"href":"https:\/\/www.tauriska.at\/shop\/wp-json\/wp\/v2\/product_cat?post=223"},{"taxonomy":"product_tag","embeddable":true,"href":"https:\/\/www.tauriska.at\/shop\/wp-json\/wp\/v2\/product_tag?post=223"}],"curies":[{"name":"wp","href":"https:\/\/api.w.org\/{rel}","templated":true}]}}