{"id":175,"date":"2018-06-02T06:37:42","date_gmt":"2018-06-02T04:37:42","guid":{"rendered":"https:\/\/www.tauriska.at\/shop\/?post_type=product&#038;p=175"},"modified":"2022-02-11T06:01:55","modified_gmt":"2022-02-11T05:01:55","slug":"unser-mundart-zwischen-grasberg-und-tauern","status":"publish","type":"product","link":"https:\/\/www.tauriska.at\/shop\/produkt\/unser-mundart-zwischen-grasberg-und-tauern\/","title":{"rendered":"\u201eUnser Mundart zwischen Gr\u00e5sberg und Tauern\u201c"},"content":{"rendered":"<p>Das Zwiegespr\u00e4ch der Mundartdichterinnen Barbara Rettenbacher-H\u00f6llwerth aus Niedernsill und Lisl Innerhofer aus Bramberg auf der CD macht den Dialekt unserer Vorfahren h\u00f6rbar und erlebbar. Barbara Rettenbacher besch\u00e4ftigt sich seit den 1970er Jahren mit Mundart und hat mehrere Gedichtb\u00e4ndchen in Mundart mit Einschluss von Prosatexten und Szenen f\u00fcr M\u00e4rchen- und Hirtenspiele ver\u00f6ffentlicht. Im Oktober 2000 wurde Barbara Rettenbacher-H\u00f6llwerth f\u00fcr ihr Lebenswerk mit dem \u201eWalter Kraus-Preis\u201c ausgezeichnet und in Niedernsill das TAURISKA-Mundartarchiv er\u00f6ffnet<\/p>\n","protected":false},"excerpt":{"rendered":"<p>Dauer ca. 56 min, Musikalisch umrahmt.<br \/>\n\u00a9 2008 by TAURISKA-Verlag<\/p>\n","protected":false},"featured_media":708,"comment_status":"open","ping_status":"closed","template":"","meta":[],"product_brand":[],"product_cat":[15],"product_tag":[],"class_list":{"0":"post-175","1":"product","2":"type-product","3":"status-publish","4":"has-post-thumbnail","6":"product_cat-dvdcd","8":"first","9":"instock","10":"taxable","11":"shipping-taxable","12":"purchasable","13":"product-type-simple"},"_links":{"self":[{"href":"https:\/\/www.tauriska.at\/shop\/wp-json\/wp\/v2\/product\/175","targetHints":{"allow":["GET"]}}],"collection":[{"href":"https:\/\/www.tauriska.at\/shop\/wp-json\/wp\/v2\/product"}],"about":[{"href":"https:\/\/www.tauriska.at\/shop\/wp-json\/wp\/v2\/types\/product"}],"replies":[{"embeddable":true,"href":"https:\/\/www.tauriska.at\/shop\/wp-json\/wp\/v2\/comments?post=175"}],"wp:featuredmedia":[{"embeddable":true,"href":"https:\/\/www.tauriska.at\/shop\/wp-json\/wp\/v2\/media\/708"}],"wp:attachment":[{"href":"https:\/\/www.tauriska.at\/shop\/wp-json\/wp\/v2\/media?parent=175"}],"wp:term":[{"taxonomy":"product_brand","embeddable":true,"href":"https:\/\/www.tauriska.at\/shop\/wp-json\/wp\/v2\/product_brand?post=175"},{"taxonomy":"product_cat","embeddable":true,"href":"https:\/\/www.tauriska.at\/shop\/wp-json\/wp\/v2\/product_cat?post=175"},{"taxonomy":"product_tag","embeddable":true,"href":"https:\/\/www.tauriska.at\/shop\/wp-json\/wp\/v2\/product_tag?post=175"}],"curies":[{"name":"wp","href":"https:\/\/api.w.org\/{rel}","templated":true}]}}