{"id":19,"date":"2018-05-07T06:43:55","date_gmt":"2018-05-07T04:43:55","guid":{"rendered":"https:\/\/www.tauriska.at\/shop\/?page_id=19"},"modified":"2023-09-24T18:58:44","modified_gmt":"2023-09-24T16:58:44","slug":"zahlungsweisen","status":"publish","type":"page","link":"https:\/\/www.tauriska.at\/shop\/zahlungsweisen\/","title":{"rendered":"Zahlungsarten"},"content":{"rendered":"<p><strong>Zahlungsarten<\/strong><\/p>\n<p>Wir bieten Ihnen folgende Zahlungsarten an. Suchen Sie sich einfach die f\u00fcr Sie optimale Zahlart aus. Die in den jeweiligen Angeboten angef\u00fchrten Preise stellen Endpreise dar. Sie beinhalten alle Preisbestandteile einschlie\u00dflich etwaig anfallender Steuern wie Mehrwertsteuer. Die anfallenden Liefer- und Versandkosten sind nicht im Kaufpreis enthalten, sie sind \u00fcber die Seite \u201eVersandkosten\u201c aufrufbar, werden im Laufe des Bestellvorganges gesondert ausgewiesen und sind von Ihnen zus\u00e4tzlich zu tragen.<\/p>\n<p><strong><em>Auf Rechnung<br \/>\n<\/em><\/strong>Einfach bestellen und im Anschluss erst bezahlen.<\/p>\n<p><strong><em>Vorkasse<br \/>\n<\/em><\/strong>Bitte \u00fcberweisen Sie den Gesamtbetrag Ihrer Bestellung auf unser Konto:<\/p>\n<p>Kontoinhaber: Verein Tauriska<br \/>\nKontonummer: 400221777<br \/>\nBLZ: 222 22 222<br \/>\nKreditinstitut: Bankhaus Carl Sp\u00e4ngler &amp; CO. AG<br \/>\nSWIFT: DELE944834<br \/>\nIBAN: AT32 1953 0004 0022 1777<br \/>\nBIC: SPAEAT2S<\/p>\n<p>&nbsp;<\/p>\n","protected":false},"excerpt":{"rendered":"<p>Zahlungsarten Wir bieten Ihnen folgende Zahlungsarten an. Suchen Sie sich einfach die f\u00fcr Sie optimale Zahlart aus. Die in den jeweiligen Angeboten angef\u00fchrten Preise stellen Endpreise dar. Sie beinhalten alle Preisbestandteile einschlie\u00dflich etwaig anfallender Steuern wie Mehrwertsteuer. Die anfallenden Liefer- und Versandkosten sind nicht im Kaufpreis enthalten, sie sind \u00fcber die Seite \u201eVersandkosten\u201c aufrufbar, werden&#8230;<\/p>\n","protected":false},"author":22,"featured_media":0,"parent":0,"menu_order":0,"comment_status":"closed","ping_status":"closed","template":"","meta":{"footnotes":""},"class_list":["post-19","page","type-page","status-publish","hentry"],"_links":{"self":[{"href":"https:\/\/www.tauriska.at\/shop\/wp-json\/wp\/v2\/pages\/19","targetHints":{"allow":["GET"]}}],"collection":[{"href":"https:\/\/www.tauriska.at\/shop\/wp-json\/wp\/v2\/pages"}],"about":[{"href":"https:\/\/www.tauriska.at\/shop\/wp-json\/wp\/v2\/types\/page"}],"author":[{"embeddable":true,"href":"https:\/\/www.tauriska.at\/shop\/wp-json\/wp\/v2\/users\/22"}],"replies":[{"embeddable":true,"href":"https:\/\/www.tauriska.at\/shop\/wp-json\/wp\/v2\/comments?post=19"}],"version-history":[{"count":7,"href":"https:\/\/www.tauriska.at\/shop\/wp-json\/wp\/v2\/pages\/19\/revisions"}],"predecessor-version":[{"id":173,"href":"https:\/\/www.tauriska.at\/shop\/wp-json\/wp\/v2\/pages\/19\/revisions\/173"}],"wp:attachment":[{"href":"https:\/\/www.tauriska.at\/shop\/wp-json\/wp\/v2\/media?parent=19"}],"curies":[{"name":"wp","href":"https:\/\/api.w.org\/{rel}","templated":true}]}}