{"id":2646,"date":"2023-10-02T14:19:04","date_gmt":"2023-10-02T12:19:04","guid":{"rendered":"https:\/\/www.tauriska.at\/kohr\/?page_id=2646"},"modified":"2023-10-23T17:29:36","modified_gmt":"2023-10-23T15:29:36","slug":"ringvorlesung-right-livelihood-award-2023-2024","status":"publish","type":"page","link":"https:\/\/www.tauriska.at\/kohr\/ringvorlesung-right-livelihood-award-2023-2024\/","title":{"rendered":"Ringvorlesung &#8211; RLA"},"content":{"rendered":"<p><section class=\"kc-elm kc-css-73286 kc_row\"><div class=\"kc-row-container  kc-container\"><div class=\"kc-wrap-columns\"><div class=\"kc-elm kc-css-227052 kc_col-sm-12 kc_column kc_col-sm-12\"><div class=\"kc-col-container\"><div class=\"kc-elm kc-css-630017 kc_shortcode kc_single_image\">\n\n        <img decoding=\"async\" src=\"https:\/\/www.tauriska.at\/kohr\/wp-content\/uploads\/2023\/10\/RingVO-2023.jpeg\" class=\"\" alt=\"\" \/>    <\/div>\n<div class=\"kc-elm kc-css-785030\" style=\"height: 20px; clear: both; width:100%;\"><\/div><div class=\"kc-elm kc-css-431005 kc_text_block\"><\/p>\n<pre style=\"caret-color: #000000; color: #000000;\">An der Universit\u00e4t Salzburg gibt es von 11. Oktober bis 24. J\u00e4nner 2024 eine Ringvorlesung zum Alternativen Nobelpreis. <br \/><a href=\"\/download\/kohr\/RLA-Ring-VO-2023.pdf\" target=\"_blank\" rel=\"noopener\">Zum\u00a0<strong>Programm<\/strong>\u00a0(pdf)<\/a><\/pre>\n<p>\n<\/div><div class=\"kc-elm kc-css-369342\" style=\"height: 20px; clear: both; width:100%;\"><\/div><div class=\"kc-elm kc-css-977110 kc_text_block\"><\/p>\n<p style=\"caret-color: #000000; color: #000000; text-align: center;\"><em>Der \u201eRight Livelihood Award\u201c (RLA) ist eine Hommage an Menschen, die weltweit f\u00fcr Frieden, Gerechtigkeit und Nachhaltigkeit k\u00e4mpfen. Und dies meist unter schwierigsten Bedingungen. Leopold Kohr erhielt ihn vor 40 Jahren.<\/em><\/p>\n<p>\n<\/div><div class=\"kc-elm kc-css-757772\" style=\"height: 20px; clear: both; width:100%;\"><\/div><\/div><\/div><\/div><\/div><\/section><section class=\"kc-elm kc-css-436100 kc_row\"><div class=\"kc-row-container  kc-container\"><div class=\"kc-wrap-columns\"><div class=\"kc-elm kc-css-247307 kc_col-sm-12 kc_column kc_col-sm-12\"><div class=\"kc-col-container\"><div class=\"kc-elm kc-css-859218 kc_text_block\"><\/p>\n<p style=\"caret-color: #000000; color: #000000;\">Was die bisher 190 Preistr\u00e4ger:innen aus 74 L\u00e4ndern der Erde alles auf die Beine gestellt haben, ist extrem spannend und oftmals geradezu unglaublich. So konnte Shrikrishna Upadhyay (Preis 2010) mit seiner Organisation \u201eSupport Activities for Poor Producers of Nepal\u201d Hunderte von Wassersystemen, Stra\u00dfen und Schulen bauen. Hannumappa Sudarshan (Preis 1994) wiederum st\u00e4rkte mit ganzer Kraft indigene St\u00e4mme in Indien. In \u00d6sterreich wies der Publizist und Zukunftsforscher Robert Jungk (Preis 1986) beharrlich auf die Gefahren unserer Zivilisation hin, und Bischof Erwin Kr\u00e4utler (Preis 2020) ist f\u00fcr seinen unerm\u00fcdlichen Einsatz etwa zur Rettung des Amazonas-Regenwaldes ein starker Fels in der Brandung. Der aus Salzburg stammende Philosoph Leopold Kohr (1909-1994) war 1983 der erste \u00d6sterreicher mit diesem Preis gewesen. F\u00fcr ihren Schirmherrn der \u201eLeopold Kohr-Akademie\u201c und des Vereins TAURISKA in Neukirchen am Gr.Ven. organisieren die Gesch\u00e4ftsf\u00fchrer Susanna V\u00f6tter-Dankl und Christian V\u00f6tter zu diesem 40-j\u00e4hrigen Jubil\u00e4um gemeinsam mit dem Historiker und Kohr-Archivar Ewald Hiebl eine Ringvorlesung an der Salzburger Universit\u00e4t. Sie findet unter dem Titel \u201eDer \u201aRight Livelihood Award\u2018 und seine Geschichte\u201c wird von Oktober bis J\u00e4nner 2024 (jeweils mittwochs von 17.15 bis 18.45 Uhr) im Haus der Gesellschaftswissenschaften (H\u00f6rsaal 381) statt.<\/p>\n<p>\n<\/div><div class=\"kc-elm kc-css-259544\" style=\"height: 20px; clear: both; width:100%;\"><\/div><div class=\"kc-elm kc-css-991979 kc_text_block\"><\/p>\n<p style=\"caret-color: #000000; color: #000000;\"><strong>Interessante Gastredner:innen sowie Online-Zuschaltungen<\/strong><\/p>\n<p style=\"caret-color: #000000; color: #000000;\">Die V\u00f6tters haben gemeinsam mit dem ehemaligen Manager f\u00fcr Sonderprojekte, Alfred Winter, seit 1998 ein gutes Netzwerk mit der Stockholmer \u201eRight Livelihood Foundation\u201c und ihrem Gr\u00fcnder und Preisstifter Jakob von Uexk\u00fcll aufgebaut. Man holte aktuelle Preistr\u00e4ger:innen nach Salzburg, die ihre Projekte schilderten und au\u00dferdem an Tagungen, wie dem Friedenssymposium im Pongau im Jahr 2000, teilnahmen. 2001 besah sich etwa der chilenische \u00d6konom Manfred Max-Neef mit viel Interesse u.a. das \u00d6kokulturprojekt \u201eTeufelsgraben\u201c in Seeham. Der Erfinder der \u201eBarfu\u00df-\u00d6konomie\u201c und engagierte Umweltsch\u00fctzer war \u2013 wie Kohr \u2013 1983 mit dem RLA bedacht worden. Als guter Freund Kohrs sch\u00e4tzte er auch dessen Thesen und seinen Appell zur \u201eR\u00fcckkehr zum menschlichen Ma\u00df\u201c. Max-Neef ist 2019 verstorben, doch die \u201eManfred Max-Neef-Foundation\u201c in Chile f\u00fchrt barfu\u00df\u00f6konomische Projekte in seinem Sinne weiter. Am 22.11. wird Patrick Thomas Kletzka als Gastvortragender nach Salzburg kommen. Er setzt in den Slums von Nairobi (Kenia) das Max-Neefs Verm\u00e4chtnis um. Der heutige Direktor der \u201eRight Livelihood Foundation\u201c, Ole von Uexk\u00fcll, wird bei der ersten Vorlesung am 11. 10 eine Gru\u00dfbotschaft an die Salzburger H\u00f6rer:innen richten. Am 18.10. ist dann die schwedische Umweltaktivistin Helena Norberg-Hodge virtuell am Zug. Sie hat 1986 den RLA erhalten und ist Gr\u00fcnderin der \u201eInternational Society for Ecology and Culture\u201c. Diese befasst sie sich mit dem Schutz biologischer und kultureller Vielfalt auf der Erde. Am 13.12. online zugeschaltet werden die Vertreter des Kollektivs \u201eCecosesola\u201c (Preis 2022). Ihre Initiative erwirkt in Venezuela eine gerechtere Alternative zu profitorientierten Wirtschaftsmodellen, indem sich Genossenschaften aus einkommensschwachen Regionen zusammenschlie\u00dfen. Am 10. 1. n\u00e4chsten Jahres ist dann einer online dabei, der sich mit V\u00f6lker- und humanit\u00e4rem Recht besonders gut auskennt: Neshan Gunasekera aus Sri Lanka wird zum Thema \u201eEarth Trusteeship\u201c referieren und das Erbe des srilankischen Preistr\u00e4gers Christopher Weeramantry (RLA 2007) pr\u00e4sentieren. Die deutsche Gyn\u00e4kologin und Preistr\u00e4gerin (2008) Monika Hauser wird sich am 24.1. dazuschalten. Sie hat Tausende \u00dcberlebende sexueller Gewalt in Kriegsgebieten behandelt. Dies gemeinsam mit Kolleginnen, unter oft gro\u00dfen Risiken der eigenen Sicherheit.<\/p>\n<p style=\"caret-color: #000000; color: #000000;\">Stefan Wally wird am 15.11. \u00fcber Robert Jungk sprechen, und Alfred Winter am 25.10. die enge Beziehung Salzburgs zum Right Livelihood Award. Am 17.1.2023 wird Wolfgang Heindl \u00fcber das Leben und Werk von Bischof Erwin Kr\u00e4utler reden. Daneben werden weitere Preistr\u00e4ger:innen, unter ihnen Wangari Maathai bis Greta Thunberg, pr\u00e4sentiert.<\/p>\n<p style=\"caret-color: #000000; color: #000000;\">\n<\/div><div class=\"kc-elm kc-css-965690\" style=\"height: 20px; clear: both; width:100%;\"><\/div><div class=\"kc-elm kc-css-633840 kc_text_block\"><\/p>\n<p style=\"caret-color: #000000; color: #000000;\"><strong>R\u00fcckblick: Von der Briefmarkensammlung zur weltumspannenden Idee<\/strong><\/p>\n<p style=\"caret-color: #000000; color: #000000;\">Jakob von Uexk\u00fcll hat, so hei\u00dft es, seine wertvolle Briefmarken-Sammlung verkauft und sodann 1980 seine Stiftung f\u00fcr den RLA gegr\u00fcndet. Dieser wird j\u00e4hrlich im schwedischen Parlament in Stockholm vergeben und zeichnet sehr unterschiedliche Beitr\u00e4ge zum Wohle der Welt aus. Der Preis bringt oftmals einen Stein ins Rollen, weil durch ihn Wissen und Erfahrungen der Preistr\u00e4ger:innen einer breiten \u00d6ffentlichkeit bekannt werden. Alle pr\u00e4mierten Ideen eint die Vision der Humanit\u00e4t und der Verpflichtung, unseren Planeten zu bewahren und zu sch\u00fctzen. \u00dcber Vergangenheit, Gegenwart und Zukunft des RLA wird am 8.11. Stiftungs-Vorstandsmitglied Reinhard Loske einen Gastvortrag halten und besonders dar\u00fcber, \u201ewarum die Sichtbarmachung von Mut und Gestaltungswillen einen Beitrag zur \u00f6kologisch-sozialen Transformation leisten kann\u201c.<\/p>\n<p style=\"caret-color: #000000; color: #000000;\">\n<\/div><div class=\"kc-elm kc-css-117601\" style=\"height: 20px; clear: both; width:100%;\"><\/div><div class=\"kc-elm kc-css-771370 kc_text_block\"><\/p>\n<p style=\"caret-color: #000000; color: #000000;\">\u00dcbrigens: Die diesj\u00e4hrige Preisverleihung des RLA am 29.11. ab 18 Uhr wird im Rahmen dieser Ringvorlesung live an der Universit\u00e4t \u00fcbertragen.<\/p>\n<p style=\"caret-color: #000000; color: #000000;\"><em>Text: Christine Schwein\u00f6ster<\/em><\/p>\n<p>\n<\/div><\/div><\/div><\/div><\/div><\/section><\/p>\n","protected":false},"excerpt":{"rendered":"","protected":false},"author":2,"featured_media":0,"parent":0,"menu_order":0,"comment_status":"closed","ping_status":"closed","template":"","meta":{"footnotes":""},"class_list":["post-2646","page","type-page","status-publish","hentry"],"_links":{"self":[{"href":"https:\/\/www.tauriska.at\/kohr\/wp-json\/wp\/v2\/pages\/2646"}],"collection":[{"href":"https:\/\/www.tauriska.at\/kohr\/wp-json\/wp\/v2\/pages"}],"about":[{"href":"https:\/\/www.tauriska.at\/kohr\/wp-json\/wp\/v2\/types\/page"}],"author":[{"embeddable":true,"href":"https:\/\/www.tauriska.at\/kohr\/wp-json\/wp\/v2\/users\/2"}],"replies":[{"embeddable":true,"href":"https:\/\/www.tauriska.at\/kohr\/wp-json\/wp\/v2\/comments?post=2646"}],"version-history":[{"count":15,"href":"https:\/\/www.tauriska.at\/kohr\/wp-json\/wp\/v2\/pages\/2646\/revisions"}],"predecessor-version":[{"id":2742,"href":"https:\/\/www.tauriska.at\/kohr\/wp-json\/wp\/v2\/pages\/2646\/revisions\/2742"}],"wp:attachment":[{"href":"https:\/\/www.tauriska.at\/kohr\/wp-json\/wp\/v2\/media?parent=2646"}],"curies":[{"name":"wp","href":"https:\/\/api.w.org\/{rel}","templated":true}]}}