{"id":2084,"date":"2020-08-04T11:35:09","date_gmt":"2020-08-04T09:35:09","guid":{"rendered":"https:\/\/www.tauriska.at\/kohr\/?page_id=2084"},"modified":"2022-10-24T18:03:54","modified_gmt":"2022-10-24T16:03:54","slug":"kohr-kunst-und-kultur","status":"publish","type":"page","link":"https:\/\/www.tauriska.at\/kohr\/kohr-kunst-und-kultur\/","title":{"rendered":"Kohr, Kunst &#038; Kultur"},"content":{"rendered":"<p><section class=\"kc-elm kc-css-706733 kc_row\"><div class=\"kc-row-container  kc-container\"><div class=\"kc-wrap-columns\"><div class=\"kc-elm kc-css-544472 kc_col-sm-12 kc_column kc_col-sm-12\"><div class=\"kc-col-container\">\n<div class=\"kc-elm kc-css-958436 kc-title-wrap \">\n\n\t<h1 class=\"kc_title\">Kohr, Kunst und Kultur<\/h1>\n<\/div>\n<div class=\"kc-elm kc-css-426373 kc_text_block\"><\/p>\n<p>Die zukunftsweisenden <strong>Ideen eines Leopold Kohr<\/strong> werden in Zeiten globaler \u00f6konomischer und \u00f6kologischer Krisen immer aktueller. \u201eSmall is beautiful\u201c ist kein modisches Schlagwort, sondern ein ernst zu nehmender Gegenpol zum globalisierten Gr\u00f6\u00dfenwahn. Der K\u00fcnstler <strong>Karl Hartwig Kaltner<\/strong> gibt Einblick in die Rolle, welche Kohrs Ideen in <strong>Kunst und Kultur<\/strong> spielen. Dabei verbindet er Fragen, welche f\u00fcr den Kultur- und Kunstbereich elementar sind, wie Authentizit\u00e4t, Glaubw\u00fcrdigkeit und somit Qualit\u00e4t im Werk mit der Philosophie und dem Denken Leopold Kohrs.<\/p>\n<p>\n<\/div><div class=\"kc-elm kc-css-796461\" style=\"height: 20px; clear: both; width:100%;\"><\/div><\/div><\/div><\/div><\/div><\/section><section class=\"kc-elm kc-css-725737 kc_row\"><div class=\"kc-row-container  kc-container\"><div class=\"kc-wrap-columns\"><div class=\"kc-elm kc-css-973668 kc_col-sm-6 kc_column kc_col-sm-6\"><div class=\"kc-col-container\">\n<div class=\"kc-elm kc-css-107558 kc-title-wrap \">\n\n\t<h3 class=\"kc_title\">Trailer<\/h3>\n<\/div>\n\n\t<div class=\"kc-elm kc-css-615754 kc_shortcode kc_video_play kc_video_wrapper\" data-video=\"https:\/\/www.youtube.com\/watch?v=-ZBkVlyDihA&amp;list=PL728sWz8NNcAEiLcysKjuiigZCAhOqUda\" data-width=\"600\" data-height=\"338.98305084746\" data-fullwidth=\"\" data-autoplay=\"\" data-loop=\"yes\" data-control=\"yes\" data-related=\"\" data-showinfo=\"\" data-kc-video-mute=\"\">\n\t\t\t<\/div>\n\n<\/div><\/div><div class=\"kc-elm kc-css-648507 kc_col-sm-6 kc_column kc_col-sm-6\"><div class=\"kc-col-container\">\n<div class=\"kc-elm kc-css-971160 kc-title-wrap \">\n\n\t<h3 class=\"kc_title\">Gespr\u00e4ch<\/h3>\n<\/div>\n\n\t<div class=\"kc-elm kc-css-147398 kc_shortcode kc_video_play kc_video_wrapper\" data-video=\"https:\/\/www.youtube.com\/watch?v=ziIOZKxSFpw&amp;t=4s\" data-width=\"600\" data-height=\"338.98305084746\" data-fullwidth=\"\" data-autoplay=\"\" data-loop=\"yes\" data-control=\"yes\" data-related=\"\" data-showinfo=\"\" data-kc-video-mute=\"\">\n\t\t\t<\/div>\n\n<div class=\"kc-elm kc-css-211216\" style=\"height: 20px; clear: both; width:100%;\"><\/div><div class=\"kc-elm kc-css-229120 kc_text_block\"><\/p>\n<p style=\"text-align: center;\"><a href=\"https:\/\/www.youtube.com\/playlist?list=PL728sWz8NNcAEiLcysKjuiigZCAhOqUda\" target=\"_blank\" rel=\"noopener\">Die gesamte Playlist finden Sie <strong>hier<\/strong>\u00a0<\/a><\/p>\n<p>\n<\/div><\/div><\/div><\/div><\/div><\/section><\/p>\n","protected":false},"excerpt":{"rendered":"","protected":false},"author":2,"featured_media":0,"parent":0,"menu_order":0,"comment_status":"closed","ping_status":"closed","template":"","meta":{"footnotes":""},"class_list":["post-2084","page","type-page","status-publish","hentry"],"_links":{"self":[{"href":"https:\/\/www.tauriska.at\/kohr\/wp-json\/wp\/v2\/pages\/2084"}],"collection":[{"href":"https:\/\/www.tauriska.at\/kohr\/wp-json\/wp\/v2\/pages"}],"about":[{"href":"https:\/\/www.tauriska.at\/kohr\/wp-json\/wp\/v2\/types\/page"}],"author":[{"embeddable":true,"href":"https:\/\/www.tauriska.at\/kohr\/wp-json\/wp\/v2\/users\/2"}],"replies":[{"embeddable":true,"href":"https:\/\/www.tauriska.at\/kohr\/wp-json\/wp\/v2\/comments?post=2084"}],"version-history":[{"count":10,"href":"https:\/\/www.tauriska.at\/kohr\/wp-json\/wp\/v2\/pages\/2084\/revisions"}],"predecessor-version":[{"id":2466,"href":"https:\/\/www.tauriska.at\/kohr\/wp-json\/wp\/v2\/pages\/2084\/revisions\/2466"}],"wp:attachment":[{"href":"https:\/\/www.tauriska.at\/kohr\/wp-json\/wp\/v2\/media?parent=2084"}],"curies":[{"name":"wp","href":"https:\/\/api.w.org\/{rel}","templated":true}]}}