{"id":2014,"date":"2020-05-18T09:53:20","date_gmt":"2020-05-18T07:53:20","guid":{"rendered":"https:\/\/www.tauriska.at\/kohr\/?page_id=2014"},"modified":"2026-04-17T21:49:40","modified_gmt":"2026-04-17T19:49:40","slug":"aktuelles","status":"publish","type":"page","link":"https:\/\/www.tauriska.at\/kohr\/aktuelles\/","title":{"rendered":"Aktuelles"},"content":{"rendered":"<p><section class=\"kc-elm kc-css-416863 kc_row\"><div class=\"kc-row-container  kc-container\"><div class=\"kc-wrap-columns\"><div class=\"kc-elm kc-css-743449 kc_col-sm-12 kc_column kc_col-sm-12\"><div class=\"kc-col-container\"><div class=\"kc-elm kc-css-753840 kc_text_block\"><\/p>\n<p>Die <a href=\"https:\/\/www.tauriska.at\/kohr\/philosophie\/\" target=\"_blank\" rel=\"noopener\"><strong>Philosophie<\/strong> Leopold Kohrs<\/a> r\u00fcckt das &#8222;Kleinsein&#8220; in den Vordergrund. Der Leitsatz &#8222;small is beautiful&#8220; begleitet unsere Arbeit in Stadt und Land. Von regionalen Projekten im Rahmen unserer Tauriska-Festivals, Vortr\u00e4gen im universit\u00e4ren Raum bis hin zum akademischen Wirtshaus erwartet Sie ein vielf\u00e4ltiges Angebot.\u00a0<\/p>\n<p>\n<\/div><\/div><\/div><\/div><\/div><\/section><section class=\"kc-elm kc-css-606909 kc_row\"><div class=\"kc-row-container  kc-container\"><div class=\"kc-wrap-columns\"><div class=\"kc-elm kc-css-355079 kc_col-sm-12 kc_column kc_col-sm-12\"><div class=\"kc-col-container\">\n<div class=\"kc-elm kc-css-852667 kc-title-wrap \">\n\n\t<h2 class=\"kc_title\">Programm<\/h2>\n<\/div>\n<div class=\"kc-elm kc-css-272331 kc_text_block\"><\/p>\n<ul>\n<li><strong>Fr 20.03. &#8211; 22.03<\/strong>., <a href=\"https:\/\/textilefestival.eu\/de\/startseite\/?fbclid=IwZXh0bgNhZW0CMTAAYnJpZBExdTdsTFJPTUgwNHp5UUVMVHNydGMGYXBwX2lkEDIyMjAzOTE3ODgyMDA4OTIAAR4GaSHXHTUV_KUmL4IGttfCeujTvbZjgKge_xzZIfHrUhBE36WvsKTn-Wih_A_aem_LxxRblWcZOF7HtqoYj7fRg\" target=\"_blank\" rel=\"noopener\">Internationales Festival f\u00fcr textiles Handwerk, textile Kunst und Design, Bozen (ITA)<\/a><\/li>\n<li><strong>Do 16.04.<\/strong>, 17:00 Uhr, <a href=\"https:\/\/www.tauriska.at\/kohr\/event\/sprachliche-raeume\/\" target=\"_blank\" rel=\"noopener\">Akademisches Wirtshaus: Sprachliche R\u00e4ume &#8211; der Blick auf das Kleine im Gro\u00dfen -Lesung mit Erwin Einzinger, Salzburg<\/a><\/li>\n<li><strong>Mi 10.06.<\/strong>, 10:00 Uhr, <a href=\"https:\/\/www.tauriska.at\/kohr\/event\/small-is-artful\/\" target=\"_blank\" rel=\"noopener\">Tag der Archive: small is art*ful. Leopold Kohr und die Kunst, Salzburg<\/a><\/li>\n<li><strong>Do 25.06.<\/strong>, 16:00 Uhr: <a href=\"https:\/\/www.tauriska.at\/kohr\/event\/jubilaeumsfest-ehrenpreis-2026\/\" target=\"_blank\" rel=\"noopener\">Jubil\u00e4umsfest 40 Jahre Tauriska und Leopold Kohr Akademie, Salzburg<\/a><\/li>\n<li><strong>Sa 18.07.<\/strong>; 16:00 Uhr, <a href=\"https:\/\/www.tauriska.at\/event\/40-jahre-tauriskafest\/\" target=\"_blank\" rel=\"noopener\">40 Jahre Tauriska, Jubil\u00e4umsfest mit Musik und Ausstellung, Neukirchen<\/a><\/li>\n<li><strong>Do 27.08.<\/strong>, 16:00 Uhr, <a href=\"https:\/\/www.tauriska.at\/kohr\/event\/die-zukunft-der-regionalkultur\/\" target=\"_blank\" rel=\"noopener\">Akademisches Wirtshaus: Zukunft der Regionalkultur&#8220;, Salzburg<\/a><\/li>\n<li><strong>Do 10.09.<\/strong>, 16:00 Uhr, <a href=\"https:\/\/www.tauriska.at\/kohr\/event\/leopold-kohr-summerschool-2026\/\" target=\"_blank\" rel=\"noopener\">Leopold Kohr Summerschool 2026, Salzburg<\/a><\/li>\n<li><strong>Mo 05.10.<\/strong>, 13:00 Uhr, <a href=\"https:\/\/www.tauriska.at\/kohr\/event\/literarisch-philosophischer-spaziergang\/\" target=\"_blank\" rel=\"noopener\">literarisch-philosophischer Spaziergang mit Walter M\u00fcller, Oberndorf<\/a><\/li>\n<li><strong>Mi 14.10.<\/strong>, 16:00 Uhr, <a href=\"https:\/\/www.tauriska.at\/kohr\/event\/akademisches-wirtshaus-brot-ist-leben\/\" target=\"_blank\" rel=\"noopener\">Akademisches Wirtshaus: &#8222;Brot ist Leben&#8220; von Rudi Pichler, Salzburg<\/a><\/li>\n<\/ul>\n<p>\n<\/div><\/div><\/div><\/div><\/div><\/section><section class=\"kc-elm kc-css-164125 kc_row\"><div class=\"kc-row-container  kc-container\"><div class=\"kc-wrap-columns\"><div class=\"kc-elm kc-css-799027 kc_col-sm-12 kc_column kc_col-sm-12\"><div class=\"kc-col-container\"><div class=\"kc-elm kc-css-152741\" style=\"height: 40px; clear: both; width:100%;\"><\/div><\/div><\/div><\/div><\/div><\/section><section class=\"kc-elm kc-css-582688 kc_row\"><div class=\"kc-row-container  kc-container\"><div class=\"kc-wrap-columns\"><div class=\"kc-elm kc-css-976471 kc_col-sm-12 kc_column kc_col-sm-12\"><div class=\"kc-col-container\">\n<div class=\"kc-elm kc-css-458642 kc-title-wrap \">\n\n\t<h2 class=\"kc_title\">Tipps und Empfehlungen<\/h2>\n<\/div>\n<div class=\"kc-elm kc-css-964129 kc_text_block\"><\/p>\n<h3>Der Right Livelihood Award und seine Geschichte (Ringvorlesung)<\/h3>\n<p>Zum Nachh\u00f6ren: <strong><a href=\"https:\/\/unitv.org\/beitrag.asp?ID=1166&#038;Kat=1\" target=\"_blank\" rel=\"noopener\">https:\/\/unitv.org\/beitrag.asp?ID=1166&#038;Kat=1\u00a0<\/a><\/strong><\/p>\n<p>\n<\/div><div class=\"kc-elm kc-css-532361\" style=\"height: 20px; clear: both; width:100%;\"><\/div>\n<div class=\"kc-elm kc-css-114401 kc-title-wrap \">\n\n\t<h3 class=\"kc_title\">Buch: Klein sein oder nicht sein<\/h3>\n<\/div>\n<\/div><\/div><\/div><\/div><\/section><section class=\"kc-elm kc-css-588340 kc_row\"><div class=\"kc-row-container  kc-container\"><div class=\"kc-wrap-columns\"><div class=\"kc-elm kc-css-186281 kc_col-sm-2 kc_column kc_col-sm-2\"><div class=\"kc-col-container\"><div class=\"kc-elm kc-css-221609 kc_shortcode kc_single_image\">\n\n        <img decoding=\"async\" src=\"https:\/\/www.tauriska.at\/kohr\/wp-content\/uploads\/2025\/01\/Design-ohne-Titel-200x300.jpg\" class=\"\" alt=\"\" \/>    <\/div>\n<\/div><\/div><div class=\"kc-elm kc-css-465736 kc_col-sm-10 kc_column kc_col-sm-10\"><div class=\"kc-col-container\"><div class=\"kc-elm kc-css-538461 kc_text_block\"><\/p>\n<p><strong>Klein sein oder nicht sein<br \/><\/strong><em>F\u00fcr eine Kultur der Selbstbeschr\u00e4nkung mit Beitr\u00e4gen von Leopold Kohr, Erwin Chargaff, Peter Cornelius Mayer-Tasch und Robert Jungk<\/em><\/p>\n<p>HG G\u00fcnther Witzany<br \/>Hartcover 21,5 x 15,2 cm, Fadenheftung, 160 Seiten, ISBN-Nr.: 978-3-901257-69-8<\/p>\n<p>Das Buch dokumentiert das Symposium \u201eKlein sein oder nicht sein. F\u00fcr eine Kultur der Selbstbeschr\u00e4nkung\u201c, das 1991 im Tauriska-Kammerlanderstall in Neukirchen am Gro\u00dfvenediger\/Salzburg stattfand.\u00a0<a href=\"https:\/\/www.tauriska.at\/shop\/produkt\/klein-sein-oder-nicht-sein\/\" target=\"_blank\" rel=\"noopener\" style=\"font-style: inherit;\"><strong>Mehr<\/strong>\u00a0<\/a><\/p>\n<p>\n<\/div><\/div><\/div><\/div><\/div><\/section><section class=\"kc-elm kc-css-521955 kc_row\"><div class=\"kc-row-container  kc-container\"><div class=\"kc-wrap-columns\"><div class=\"kc-elm kc-css-244135 kc_col-sm-12 kc_column kc_col-sm-12\"><div class=\"kc-col-container\"><div class=\"kc-elm kc-css-826767\" style=\"height: 20px; clear: both; width:100%;\"><\/div>\n<div class=\"kc-elm kc-css-664304 kc-title-wrap \">\n\n\t<h3 class=\"kc_title\">Buch: Leopold Kohr verstehen<\/h3>\n<\/div>\n<\/div><\/div><\/div><\/div><\/section><section class=\"kc-elm kc-css-806919 kc_row\"><div class=\"kc-row-container  kc-container\"><div class=\"kc-wrap-columns\"><div class=\"kc-elm kc-css-111103 kc_col-sm-2 kc_column kc_col-sm-2\"><div class=\"kc-col-container\"><div class=\"kc-elm kc-css-26632 kc_shortcode kc_single_image\">\n\n        <img decoding=\"async\" src=\"https:\/\/www.tauriska.at\/kohr\/wp-content\/uploads\/2022\/05\/Kohr-versthen-900-600.jpg\" class=\"\" alt=\"\" \/>    <\/div>\n<\/div><\/div><div class=\"kc-elm kc-css-131126 kc_col-sm-10 kc_column kc_col-sm-10\"><div class=\"kc-col-container\"><div class=\"kc-elm kc-css-520869 kc_text_block\"><\/p>\n<p><strong>Das Werk &#8222;Leopold Kohr Verstehen&#8220;<\/strong>\u00a0von <strong>G\u00fcnther Witzany<\/strong> versammelt Vortr\u00e4ge, Beitr\u00e4ge und Konzepte aus den letzten drei Jahrzehnten zur Philosophie Leopold Kohrs, die im Auftrag Alfred Winters und der Leopold Kohr Akademie verfasst wurden.\u00a0<\/p>\n<p>Sie beleuchten jeweils aktuelle Probleme einer ma\u00dflos gewordenen Welt und versuchen L\u00f6sungen aufzuzeigen, die durch das Denken Leopold Kohrs und seine R\u00fcckbesinnung auf das menschliche Ma\u00df immer wieder neu er\u00f6ffnet werden.\u00a0 <strong><a href=\"https:\/\/www.tauriska.at\/kohr\/kohr-verstehen\/\" target=\"_blank\" rel=\"noopener\">Mehr<\/a><\/strong><\/p>\n<h6><!-- \/wp:paragraph --><\/h6>\n<p>\n<\/div><\/div><\/div><\/div><\/div><\/section><section class=\"kc-elm kc-css-832287 kc_row\"><div class=\"kc-row-container  kc-container\"><div class=\"kc-wrap-columns\"><div class=\"kc-elm kc-css-415998 kc_col-sm-12 kc_column kc_col-sm-12\"><div class=\"kc-col-container\"><div class=\"kc-elm kc-css-36381\" style=\"height: 20px; clear: both; width:100%;\"><\/div>\n<div class=\"kc-elm kc-css-768896 kc-title-wrap \">\n\n\t<h3 class=\"kc_title\">Textilfestival<\/h3>\n<\/div>\n<\/div><\/div><\/div><\/div><\/section><section class=\"kc-elm kc-css-535319 kc_row\"><div class=\"kc-row-container  kc-container\"><div class=\"kc-wrap-columns\"><div class=\"kc-elm kc-css-880258 kc_col-sm-2 kc_column kc_col-sm-2\"><div class=\"kc-col-container\"><div class=\"kc-elm kc-css-933005 kc_shortcode kc_single_image\">\n\n        <img decoding=\"async\" src=\"https:\/\/www.tauriska.at\/kohr\/wp-content\/uploads\/2021\/09\/festival-textil-manufactur.jpg\" class=\"\" alt=\"\" \/>    <\/div>\n<\/div><\/div><div class=\"kc-elm kc-css-504897 kc_col-sm-10 kc_column kc_col-sm-10\"><div class=\"kc-col-container\"><div class=\"kc-elm kc-css-561937 kc_text_block\"><\/p>\n<p><strong>Internationales Festival f\u00fcr textiles Handwerk, textile Kunst und Design<br \/><\/strong>Das Festival ist der Branchentreffpunkt der Kreativen und Textilliebhaber vom <strong>20. &#8211; 22. M\u00e4rz 2026<\/strong>\u00a0in Bozen, S\u00fcdtirol (Schloss Maretsch).\u00a0In der, mit besonderem Flair umgebenen mittelalterlichen Burg k\u00f6nnen Besucher_innen mit allen Sinnen die einzigartige Produktvielfalt textiler Manufakturen von Mode- und Textildesigner_innen sowie Textilk\u00fcnstler_innen erleben.<\/p>\n<p><a href=\"https:\/\/textilefestival.eu\/de\/startseite\/\" target=\"_blank\" rel=\"noopener\">Mehr Informationen \u00fcber das Festival und\u00a0Aussteller_innen<\/a><\/p>\n<p>\n<\/div><\/div><\/div><\/div><\/div><\/section><section class=\"kc-elm kc-css-78072 kc_row\"><div class=\"kc-row-container  kc-container\"><div class=\"kc-wrap-columns\"><div class=\"kc-elm kc-css-519546 kc_col-sm-12 kc_column kc_col-sm-12\"><div class=\"kc-col-container\"><div class=\"kc-elm kc-css-815718\" style=\"height: 20px; clear: both; width:100%;\"><\/div>\n<div class=\"kc-elm kc-css-398939 kc-title-wrap \">\n\n\t<h3 class=\"kc_title\">\"Small is beautiful\" <\/h3>\n<\/div>\n<\/div><\/div><\/div><\/div><\/section><section class=\"kc-elm kc-css-971247 kc_row\"><div class=\"kc-row-container  kc-container\"><div class=\"kc-wrap-columns\"><div class=\"kc-elm kc-css-855598 kc_col-of-5 kc_column kc_col-of-5\"><div class=\"kc-col-container\">\n\t<div class=\"kc-elm kc-css-79977 kc_shortcode kc_video_play kc_video_wrapper\" data-video=\"https:\/\/www.youtube.com\/watch?v=o4Y2eZblaIQ\" data-width=\"600\" data-height=\"338.98305084746\" data-fullwidth=\"\" data-autoplay=\"\" data-loop=\"yes\" data-control=\"yes\" data-related=\"\" data-showinfo=\"\" data-kc-video-mute=\"\">\n\t\t\t<\/div>\n\n<\/div><\/div><div class=\"kc-elm kc-css-666625 kc_col-sm-10 kc_column kc_col-sm-10\"><div class=\"kc-col-container\"><div class=\"kc-elm kc-css-903926 kc_text_block\"><\/p>\n<p>2020 entstand dieser Song im Sinne der Philosophie Leopold Kohrs.\u00a0<\/p>\n<\/p>\n<p>S\u00e4ngerin: Mag. Dr. Katharina Zl\u00f6bl<br \/><a href=\"http:\/\/www.katharinazlobl.com\" target=\"_blank\" rel=\"noopener\">Website<\/a><\/p>\n<p>\n<\/div><\/div><\/div><\/div><\/div><\/section><\/p>\n","protected":false},"excerpt":{"rendered":"","protected":false},"author":2,"featured_media":0,"parent":0,"menu_order":0,"comment_status":"closed","ping_status":"closed","template":"","meta":{"footnotes":""},"class_list":["post-2014","page","type-page","status-publish","hentry"],"_links":{"self":[{"href":"https:\/\/www.tauriska.at\/kohr\/wp-json\/wp\/v2\/pages\/2014"}],"collection":[{"href":"https:\/\/www.tauriska.at\/kohr\/wp-json\/wp\/v2\/pages"}],"about":[{"href":"https:\/\/www.tauriska.at\/kohr\/wp-json\/wp\/v2\/types\/page"}],"author":[{"embeddable":true,"href":"https:\/\/www.tauriska.at\/kohr\/wp-json\/wp\/v2\/users\/2"}],"replies":[{"embeddable":true,"href":"https:\/\/www.tauriska.at\/kohr\/wp-json\/wp\/v2\/comments?post=2014"}],"version-history":[{"count":290,"href":"https:\/\/www.tauriska.at\/kohr\/wp-json\/wp\/v2\/pages\/2014\/revisions"}],"predecessor-version":[{"id":3146,"href":"https:\/\/www.tauriska.at\/kohr\/wp-json\/wp\/v2\/pages\/2014\/revisions\/3146"}],"wp:attachment":[{"href":"https:\/\/www.tauriska.at\/kohr\/wp-json\/wp\/v2\/media?parent=2014"}],"curies":[{"name":"wp","href":"https:\/\/api.w.org\/{rel}","templated":true}]}}